{"id":3873,"date":"2022-10-21T13:48:04","date_gmt":"2022-10-21T13:48:04","guid":{"rendered":"https:\/\/betman.net\/?page_id=3873"},"modified":"2022-11-03T15:36:12","modified_gmt":"2022-11-03T15:36:12","slug":"metodos-de-pagamento","status":"publish","type":"page","link":"https:\/\/betman.net\/br\/metodos-de-pagamento\/","title":{"rendered":"M\u00e9todos de pagamento para apostas esportivas online"},"content":{"rendered":"<p>As apostas esportivas est\u00e3o se tornando cada vez mais populares ao redor do mundo. Atualmente, bilh\u00f5es de d\u00f3lares s\u00e3o movimentados em todo o planeta com a ind\u00fastria de apostas em esportes.<\/p>\n<p>Por\u00e9m, movimentar todo o dinheiro que flui pela ind\u00fastria n\u00e3o \u00e9 f\u00e1cil sem o m\u00e9todo correto, n\u00e3o \u00e9 mesmo? Por isso, os apostadores e as casas de apostas no Brasil e no mundo vem prestando uma aten\u00e7\u00e3o especial nos m\u00e9todos de pagamento e, assim, cada vez mais op\u00e7\u00f5es surgem diariamente. Como escolher a melhor? Leia este artigo e descubra, contando com a ajuda do seu amigo de todas as horas, o BetMan.Net!<\/p>\n","protected":false},"excerpt":{"rendered":"<p>As apostas esportivas est\u00e3o se tornando cada vez mais populares ao redor do mundo. Atualmente, bilh\u00f5es de d\u00f3lares s\u00e3o movimentados em todo o planeta com a ind\u00fastria de apostas em esportes. Por\u00e9m, movimentar todo o dinheiro que flui pela ind\u00fastria n\u00e3o \u00e9 f\u00e1cil sem o m\u00e9todo correto, n\u00e3o \u00e9 mesmo? Por isso, os apostadores e [&hellip;]<\/p>\n","protected":false},"author":21,"featured_media":3064,"parent":0,"menu_order":0,"comment_status":"closed","ping_status":"closed","template":"","meta":{"footnotes":""},"class_list":["post-3873","page","type-page","status-publish","has-post-thumbnail","hentry"],"acf":{"header_component":{"headline":"","subheadline":"","background_image":null,"text_area":""},"main_content":[{"acf_fc_layout":"top_list_table","anchor_tag":"","dyn_pop_test":"homepage","dyn_pop_oneliners_sports":"oneliner","choose_layout":"vertical","top_list_count":10,"headline_text":"<h2>Lista de Casas de Apostas com variedade em M\u00e9todos de Pagamento<\/h2>","anable_background":"no","anable_logos":"yes"},{"acf_fc_layout":"licenses_and_regulation_section","anchor_tag":"Lista m\u00e9todos de pagamento","choose_layout":"three-column","headline_text":"<h2>Lista de m\u00e9todos de pagamento mais procurados em casas de apostas esportivas<\/h2>\r\nConhecer todos os m\u00e9todos dispon\u00edveis em sites de apostas e entender os benef\u00edcios de cada um \u00e9 essencial para jogadores estrat\u00e9gicos. Afinal, cada m\u00e9todo serve um prop\u00f3sito e o que funciona para outro jogador pode n\u00e3o funcionar para voc\u00ea. Por isso, elaboramos uma lista com todos os principais m\u00e9todos de pagamento em <a href=\"https:\/\/betman.net\/br\/melhores-casas-de-apostas-esportivas\/\">casas de apostas no momento<\/a> \u2013 pensando em categorias \u2013 para que voc\u00ea cogite os pr\u00f3s e contras e decida pela forma favorita.","licenses":[{"headline":"","logo":3942,"text_area":"<h3>Cart\u00e3o de cr\u00e9dito<\/h3>\r\n\u00e9 o m\u00e9todo mais popular no mundo das apostas. Ele depende de aprova\u00e7\u00e3o do banco ou do emissor e o processamento dos pagamentos demora menos de 24h \u2013 sendo, na maioria dos casos, imediato."},{"headline":"","logo":3903,"text_area":"<h3>Boleto Banc\u00e1rio<\/h3>\r\n\u00e9 amplamente usado pelos brasileiros em diversos contextos. O pagamento com boleto pode levar at\u00e9 3 dias \u00fateis para ser processado e n\u00e3o costuma existir nenhuma taxa extra."},{"headline":"","logo":3901,"text_area":"<h3>Pix<\/h3>\r\nvem conquistando bastante espa\u00e7o no cora\u00e7\u00e3o dos brasileiros. Ele pode ser feito atrav\u00e9s de um c\u00f3digo (ou chave) e \u00e9 poss\u00edvel realizar transfer\u00eancias de maneira imediata sem sobretaxas."},{"headline":"","logo":3940,"text_area":"<h3>Transfer\u00eancia banc\u00e1ria<\/h3>\r\nmuito utilizada em diversos sites de apostas. Costuma ser processada em at\u00e9 1 dia \u00fatil e pode estar sujeita \u00e0 taxas do seu banco."},{"headline":"","logo":3946,"text_area":"<h3>Cart\u00e3o pr\u00e9-pago<\/h3>\r\nvem ganhando for\u00e7a nesse meio porque permitem que os jogadores tenham um maior controle dos seus gastos ao fazerem dep\u00f3sitos com anteced\u00eancia e estabelecerem os seus pr\u00f3prios limites."},{"headline":"","logo":3948,"text_area":"<h3>Carteiras virtuais<\/h3>\r\ncom elas, \u00e9 poss\u00edvel fazer transa\u00e7\u00f5es, fazer pagamentos instant\u00e2neos e at\u00e9 mesmo estabelecer limites de aposta. Os grandes sites de apostas operam com as melhores e-Wallets, incluindo Skrill, Neteller, Pay4Fun, VCr\u00e9ditos e mais."},{"headline":"","logo":3897,"text_area":"<h3>Criptomoedas<\/h3>\r\nest\u00e3o presentes em grande parte dos sites de apostas. Sua maior vantagem est\u00e1 na anonimidade e seguran\u00e7a \u2013 e o bom \u00e9 que, em sites modernos, voc\u00ea nem precisa ter Bitcoins em uma exchange para apostar!"}],"text_area":""},{"acf_fc_layout":"content_section_2","anchor_tag":"O que \u00e9?","text_area":"<h2>O que \u00e9 um m\u00e9todo de pagamento?<\/h2>\r\nUm m\u00e9todo de pagamento \u00e9 o meio pelo qual voc\u00ea decide transferir ou receber dinheiro. Basicamente, ele far\u00e1 a ponte na transa\u00e7\u00e3o de fundos entre duas pessoas ou empresas. Em sites de apostas, os m\u00e9todos de pagamento determinam como voc\u00ea vai depositar dinheiro na sua conta de apostas e como vai sacar os seus ganhos (bem como o saldo que sobrou).\r\n\r\nOs m\u00e9todos de pagamento s\u00e3o muito importantes e devem ser considerados com cautela e sempre com o seu objetivo em mente. Afinal, eles podem ser bastante diferentes entre si e trazer benef\u00edcios opostos.\r\n\r\nAlguns m\u00e9todos de pagamento s\u00e3o mais eficientes, j\u00e1 outros permitem que o jogador tenha mais privacidade e anonimidade, e outros ainda ganham pontos pela agilidade. Seja qual for a sua prioridade, h\u00e1 um m\u00e9todo ideal para voc\u00ea \u2013 basta analis\u00e1-los com cuidado!"},{"acf_fc_layout":"banner_custom","anchor_tag":"","banner_background":3537,"banner_text":"Saiba tudo sobre os m\u00e9todos de pagamento dispon\u00edveis nas Casas de Apostas Esportivas Online"},{"acf_fc_layout":"licenses_and_regulation_section","anchor_tag":"Como escolher o seu m\u00e9todo","choose_layout":"two-column","headline_text":"<h2>O que ter em mente ao escolher uma forma de pagamento<\/h2>\r\nEscolher um m\u00e9todo de pagamento pode ser desafiador, especialmente quando voc\u00ea acessa o site da casa de apostas e v\u00ea uma lista eterna de op\u00e7\u00f5es.\r\n\r\nA variedade de alternativas de pagamento \u00e9 excelente e as casas de apostas devem, sim, oferecer o m\u00e1ximo poss\u00edvel aos seus jogadores. Contudo, \u00e9 preciso saber escolher. Para isso, sempre leve em considera\u00e7\u00e3o os aspectos essenciais que mencionaremos abaixo.","licenses":[{"headline":"","logo":5647,"text_area":"<h3>Seguran\u00e7a<\/h3>\r\nA seguran\u00e7a precisa ser sempre a sua maior prioridade ao escolher um m\u00e9todo de pagamento. Afinal, estamos falando de dinheiro : <em>do seu dinheiro<\/em>! Portanto, a primeira coisa que voc\u00ea precisa fazer \u00e9 verificar se os m\u00e9todos disponibilizados s\u00e3o leg\u00edtimos e fazer transa\u00e7\u00f5es apenas no site oficial de um cassino ou site de apostas licenciado."},{"headline":"","logo":4872,"text_area":"<h3>Limites e Tempo de Transa\u00e7\u00e3o<\/h3>\r\nEsse aspecto precisa ser considerado ao escolher um m\u00e9todo de pagamento. Afinal, ele vai determinar quanto voc\u00ea pode gastar em um site de apostas, os limites di\u00e1rios de saque e dep\u00f3sito, limites mensais e muito mais. Outro aspecto importante: sempre verifique o tempo de processamento dos m\u00e9todos escolhidos."},{"headline":"","logo":4876,"text_area":"<h3><a href=\"https:\/\/betman.net\/br\/ofertas\/\">B\u00f4nus<\/a><\/h3>\r\nOs b\u00f4nus ocupam uma posi\u00e7\u00e3o de protagonismo em sites de apostas esportivas do mundo inteiro. Eles s\u00e3o uma \u00f3tima maneira de come\u00e7ar a se aventurar em um site novo e de lucrar mais com o menor investimento poss\u00edvel. Al\u00e9m disso, eles tamb\u00e9m s\u00e3o bastante vantajosos para as casas de apostas, que os usam para atrair um novo p\u00fablico."},{"headline":"","logo":5645,"text_area":"<h3>Privacidade (anonimato)<\/h3>\r\nA privacidade \u00e9 um dos pontos mais cruciais na hora de escolher um m\u00e9todo de pagamento. Afinal, nem todos se sentem confort\u00e1veis revelando informa\u00e7\u00f5es pessoais e dados banc\u00e1rios na hora de fazer pagamentos. Para contornar essa necessidade, muitos jogadores est\u00e3o se voltando para m\u00e9todos inovadores, como as criptomoedas ou e-wallets."}],"text_area":""},{"acf_fc_layout":"table_component","anchor_tag":"TOP 5","headline_text":"<h2>Os 5 m\u00e9todos de pagamento mais usados \u200bem apostas esportivas<\/h2>\r\nAgora que abordamos os principais tipos de m\u00e9todo de pagamento, est\u00e1 na hora de mergulhar ainda mais profundamente nos oceanos de op\u00e7\u00f5es e falar um pouco mais sobre os m\u00e9todos mais usados em sites de apostas do mundo inteiro. Bora dar uma olhada e ver quem est\u00e1 ganhando a batalha?\r\n<h3>TOP 5 m\u00e9todos de pagamento mais usados \u200bem apostas esportivas<\/h3>","table_data":{"acftf":{"v":"1.3.16"},"p":{"o":{"uh":1},"ca":""},"c":[{"p":""},{"p":""},{"p":""}],"h":[{"c":"TOP"},{"c":"M\u00e9todo"},{"c":"Vantagens "}],"b":[[{"c":"1"},{"c":"Bitcoin"},{"c":"O Bitcoin \u00e9 a criptomoeda mais popular do mundo, e tamb\u00e9m foi a primeira. Ele \u00e9 descentralizado, o que significa que n\u00e3o precisa de terceiros para funcionar. Consequentemente, ela garante o cobi\u00e7ado anonimato \u2013 altamente procurado por alguns apostadores online."}],[{"c":"3"},{"c":"Neteller"},{"c":"A Neteller \u00e9 uma das mais populares carteiras digitais do mundo, especialmente no mundo das apostas esportivas. Com ela, \u00e9 poss\u00edvel fazer saques, pagamentos e transfer\u00eancias para mais de 200 pa\u00edses ao redor do globo. "}],[{"c":"2"},{"c":"PIX"},{"c":"O Pix revolucionou a maneira como apostamos aqui no Brasil. Isso porque o Pix \u00e9 bastante r\u00e1pido. Normalmente, demora apenas alguns instantes para o dinheiro ser transferido de uma conta para outra e n\u00e3o \u00e9 necess\u00e1rio pagar nenhuma taxa a mais por isso. Al\u00e9m disso, o Pix \u00e9 relativamente an\u00f4nimo, j\u00e1 que s\u00f3 \u00e9 necess\u00e1rio informar uma chave para fazer transa\u00e7\u00f5es. "}],[{"c":"4"},{"c":"VCr\u00e9ditos"},{"c":"A VCr\u00e9ditos come\u00e7ou com apostadores em mente e at\u00e9 hoje \u00e9 uma das carteiras mais renomadas entre os jogadores. Essa carteira digital permite que voc\u00ea deposite, saque, transfira, resgate cr\u00e9ditos e muito mais. "}],[{"c":"5"},{"c":"Cart\u00e3o de Cr\u00e9dito"},{"c":"Apesar de todas essas inova\u00e7\u00f5es, o cart\u00e3o de cr\u00e9dito continua reinando entre os m\u00e9todos de pagamento utilizados para apostas esportivas. Afinal, ele \u00e9 acess\u00edvel a grande parte da popula\u00e7\u00e3o, permite investimentos mais altos parcelados e traz o conforto de um m\u00e9todo que j\u00e1 \u00e9 bastante conhecido em qualquer lugar do mundo."}]]},"text_area":""},{"acf_fc_layout":"table_component","anchor_tag":"","headline_text":"<h2>Casas de Apostas que oferecem o maior n\u00famero de m\u00e9todos de pagamento<\/h2>\r\nSe voc\u00ea chegou at\u00e9 aqui, ent\u00e3o j\u00e1 conhece os principais m\u00e9todos de pagamento do mercado e est\u00e1 preparado para come\u00e7ar a apostar nas melhores casas de apostas esportivas do Brasil. Por isso, separamos uma lista com casas de apostas confi\u00e1veis que possuem uma \u00f3tima variedade. Aproveite ao seu favor e palpite com vantagens!","table_data":{"acftf":{"v":"1.3.16"},"p":{"o":{"uh":1},"ca":""},"c":[{"p":""},{"p":""}],"h":[{"c":"Casa de apostas "},{"c":"M\u00e9todos de pagamento oferecidos e altamente populares nestes sites "}],"b":[[{"c":"Betano"},{"c":"PIX, AstroPay Card, transfer\u00eancia banc\u00e1ria, Skrill, Neteller, cart\u00e3o de cr\u00e9dito, EcoPayz e mais"}],[{"c":"Betwarrior "},{"c":"Cart\u00f5es de cr\u00e9dito e d\u00e9bito, transfer\u00eancias, Pix, boleto banc\u00e1rio, VCr\u00e9ditos, Skrill, Neteller, AstroPay Card, MuchBetter e mais"}],[{"c":"Betway"},{"c":"PIX, Neteller, Skrill, EcoPayz, cart\u00f5es, transfer\u00eancias, PayPal, Trustly e mais \n\n"}],[{"c":"\nBetfair"},{"c":"Transfer\u00eancia banc\u00e1ria, cart\u00f5es de cr\u00e9dito, PayPal, Neteller, Skrill, boleto, PaySafeCard e mais"}],[{"c":"1xBet"},{"c":"Criptomoedas, EcoPayz, transfer\u00eancia banc\u00e1ria, boleto banc\u00e1rio, carteiras digitais e outros "}]]},"text_area":"<h2><\/h2>\r\n<h2>Conclus\u00e3o sobre m\u00e9todos de pagamento em palpites esportivos<\/h2>\r\nComo vimos at\u00e9 aqui, <strong>os m\u00e9todos de pagamento s\u00e3o cruciais para uma boa experi\u00eancia de apostas em esportes e e-Sports<\/strong>. Existem centenas de op\u00e7\u00f5es de m\u00e9todos de pagamento por a\u00ed; algumas mais modernas, outras mais r\u00e1pidas, outras mais amplamente aceitas e algumas que s\u00e3o a mistura de tudo isso. O importante \u00e9 escolher a que mais se encaixe nas suas necessidades e sempre se atentar \u00e0 seguran\u00e7a e agilidade do m\u00e9todo escolhido.\r\n\r\nN\u00e3o h\u00e1 uma resposta definitiva sobre qual m\u00e9todo \u00e9 o melhor ou o mais vantajoso. Afinal, todos os jogadores s\u00e3o \u00fanicos, her\u00f3is de suas pr\u00f3prias jornadas, e o que funciona para cada um \u00e9 diferente. Por\u00e9m, agora que voc\u00ea conhece mais sobre as suas op\u00e7\u00f5es, voc\u00ea est\u00e1 preparado para apostar com mais seguran\u00e7a, confian\u00e7a e estrat\u00e9gia. Desfrute o m\u00e1ximo que puder com responsabilidade!"},{"acf_fc_layout":"dropdown_component","anchor_tag":"Perguntas Frequentes - FAQs","headline_text":"<h2>Perguntas Frequentes - FAQs<\/h2>","dropdown":[{"headline":"Qual \u00e9 o m\u00e9todo de pagamento mais r\u00e1pido?","text_area":"Existem diversos m\u00e9todos de pagamento hoje em dia que funcionam de maneira quase instant\u00e2nea. Desta forma, voc\u00ea pode escolher dentre uma ampla sele\u00e7\u00e3o. Dentre os m\u00e9todos mais \u00e1geis, est\u00e3o as transa\u00e7\u00f5es com criptomoedas, com Pix e via carteiras digitais."},{"headline":"Como escolher o m\u00e9todo de pagamento para apostar online?","text_area":"Antes de escolher o m\u00e9todo de pagamento que voc\u00ea vai utilizar para apostar online, \u00e9 importante avaliar quais os m\u00e9todos dispon\u00edveis na casa de apostas de sua escolha. Tamb\u00e9m \u00e9 necess\u00e1rio avaliar aspectos como seguran\u00e7a, agilidade, vantagens e desvantagens, b\u00f4nus e at\u00e9 mesmo os seus objetivos pessoais. Tudo depende da disponibilidade e da sua prefer\u00eancia pessoal!"},{"headline":"O que s\u00e3o carteiras virtuais?","text_area":"As carteiras digitais s\u00e3o alternativas de pagamento que v\u00eam ganhando for\u00e7a por sua praticidade. Elas funcionam de maneira similar a um aplicativo de banco, mas completamente digitalizadas. Com elas, voc\u00ea pode fazer pagamentos, saques e at\u00e9 ganhar alguns benef\u00edcios exclusivos, dependendo da carteira escolhida."},{"headline":"\u00c9 seguro apostar com Bitcoin? ","text_area":"Sim, apostar com Bitcoin \u00e9 bastante seguro. Ela foi a primeira criptomoeda no mercado e n\u00e3o est\u00e1 conectada \u00e0 institui\u00e7\u00f5es financeiras. Por isso, al\u00e9m de ser segura e aceita em diversos cassinos online e casas de apostas, ela tamb\u00e9m \u00e9 an\u00f4nima. Certifique-se apenas de escolher um site confi\u00e1vel."},{"headline":"Os m\u00e9todos de saque e dep\u00f3sito sempre s\u00e3o os mesmos em sites de apostas?","text_area":"Nem sempre. As regras de cada casa de apostas podem variar. Em algumas, voc\u00ea s\u00f3 pode fazer saques com o mesmo m\u00e9todo que utilizou para depositar. Em outras, voc\u00ea pode utilizar m\u00e9todos diferentes para o saque e o dep\u00f3sito. Por isso, \u00e9 importante verificar a lista de regras e m\u00e9todos com anteced\u00eancia, evitando perder palpites, tempo e se desapontar."},{"headline":"Qual \u00e9 o melhor m\u00e9todo para ganhar b\u00f4nus de aposta? ","text_area":"O melhor m\u00e9todo para ganhar b\u00f4nus de aposta vai depender do cassino ou casa de apostas onde voc\u00ea escolher jogar. Em alguns sites de apostas, existem b\u00f4nus espec\u00edficos para um m\u00e9todo de pagamento. Em outros, o jogador pode escolher dentre v\u00e1rios m\u00e9todos e receber o b\u00f4nus de qualquer maneira. Por isso, confira as regras do site de maneira particular."}],"text_area":""}]},"_links":{"self":[{"href":"https:\/\/betman.net\/br\/wp-json\/wp\/v2\/pages\/3873"}],"collection":[{"href":"https:\/\/betman.net\/br\/wp-json\/wp\/v2\/pages"}],"about":[{"href":"https:\/\/betman.net\/br\/wp-json\/wp\/v2\/types\/page"}],"author":[{"embeddable":true,"href":"https:\/\/betman.net\/br\/wp-json\/wp\/v2\/users\/21"}],"replies":[{"embeddable":true,"href":"https:\/\/betman.net\/br\/wp-json\/wp\/v2\/comments?post=3873"}],"version-history":[{"count":29,"href":"https:\/\/betman.net\/br\/wp-json\/wp\/v2\/pages\/3873\/revisions"}],"predecessor-version":[{"id":5651,"href":"https:\/\/betman.net\/br\/wp-json\/wp\/v2\/pages\/3873\/revisions\/5651"}],"wp:featuredmedia":[{"embeddable":true,"href":"https:\/\/betman.net\/br\/wp-json\/wp\/v2\/media\/3064"}],"wp:attachment":[{"href":"https:\/\/betman.net\/br\/wp-json\/wp\/v2\/media?parent=3873"}],"curies":[{"name":"wp","href":"https:\/\/api.w.org\/{rel}","templated":true}]}}