{"id":3656,"date":"2022-10-21T13:48:34","date_gmt":"2022-10-21T13:48:34","guid":{"rendered":"https:\/\/betman.net\/?page_id=3656"},"modified":"2022-11-03T13:13:59","modified_gmt":"2022-11-03T13:13:59","slug":"blog","status":"publish","type":"page","link":"https:\/\/betman.net\/br\/blog\/","title":{"rendered":"Guias de apostas esportivas online"},"content":{"rendered":"<p>Para todos que buscam informa\u00e7\u00f5es sobre como apostar online em casas de apostas esportivas, n\u00f3s do Betman.net trazemos conte\u00fado de qualidade, com guias de apostas esportivas online, o nosso blog. Como ningu\u00e9m tem superpoderes para saber dizer de primeira se um site de ou um palpite de apostas esportivas \u00e9 bom, nos colocamos como aquele que est\u00e1 sempre disposto a ajudar todos nessa miss\u00e3o. Adiante, voc\u00ea ir\u00e1 acompanhar um guia completo, com informa\u00e7\u00f5es sobre como come\u00e7ar a fazer suas apostas, al\u00e9m de oferecer dicas de apostas para quem j\u00e1 se considera um pouco mais experiente \u2013 de jogadores intermedi\u00e1rios a profissionais.<\/p>\n","protected":false},"excerpt":{"rendered":"<p>Para todos que buscam informa\u00e7\u00f5es sobre como apostar online em casas de apostas esportivas, n\u00f3s do Betman.net trazemos conte\u00fado de qualidade, com guias de apostas esportivas online, o nosso blog. Como ningu\u00e9m tem superpoderes para saber dizer de primeira se um site de ou um palpite de apostas esportivas \u00e9 bom, nos colocamos como aquele [&hellip;]<\/p>\n","protected":false},"author":21,"featured_media":3062,"parent":0,"menu_order":0,"comment_status":"closed","ping_status":"closed","template":"","meta":{"footnotes":""},"class_list":["post-3656","page","type-page","status-publish","has-post-thumbnail","hentry"],"acf":{"header_component":{"headline":"","subheadline":"","background_image":null,"text_area":""},"main_content":[{"acf_fc_layout":"content_section_2","anchor_tag":"Guia de Apostas para iniciantes","text_area":"<h2>Guia de Apostas para iniciantes<\/h2>\r\nSe voc\u00ea ainda n\u00e3o \u00e9 muito familiarizado com <a href=\"https:\/\/betman.net\/br\/melhores-casas-de-apostas-esportivas\/\">sites de apostas online<\/a>, provavelmente n\u00e3o tem no\u00e7\u00e3o sobre o fato de que voc\u00ea pode aumentar significativamente suas chances de ganhar e lucrar com apostas esportivas. Tudo depende de alguns fatores b\u00e1sicos, sobre os quais falaremos abaixo.\r\n\r\nEm primeiro lugar, tem a quest\u00e3o da escolha de onde voc\u00ea vai fazer seus palpites de apostas esportivas. \u00c9 essencial escolher um site de apostas de tradi\u00e7\u00e3o, com credibilidade e, de prefer\u00eancia, com um \u00f3rg\u00e3o licenciador forte e confi\u00e1vel, como <a href=\"https:\/\/www.mga.org.mt\/\" target=\"_blank\" rel=\"nofollow noopener\">MGA<\/a> ou <a href=\"https:\/\/www.curacao-egaming.com\/\" target=\"_blank\" rel=\"nofollow noopener\">Cura\u00e7ao<\/a> por exemplo.\r\n\r\nOutro ponto \u00e9 saber identificar qual a variedade de jogos que voc\u00ea precisa para se satisfazer. De nada adianta voc\u00ea se cadastrar em um site de apostas com tudo que \u00e9 <a href=\"https:\/\/betman.net\/br\/futebol\/\">jogo de futebol<\/a> dispon\u00edvel se voc\u00ea n\u00e3o estiver a fim de apostar neste esporte. Existem casas de apostas adequadas para cada tipo de jogador, e \u00e9 bom entender isso logo no come\u00e7o.\r\n\r\nPor \u00faltimo, esteja sempre de olho em alguns pontos que ningu\u00e9m costuma dar muita import\u00e2ncia at\u00e9 ter que utilizar: suporte ao cliente e os <a href=\"https:\/\/betman.net\/br\/metodos-de-pagamento\/\">m\u00e9todos de pagamento aceitos<\/a> s\u00e3o parte essencial do que deve ser observado se voc\u00ea n\u00e3o quer ter problemas ao pagar e ser atendido pelo site.\r\n\r\nNos nossos guias de apostas para iniciantes, voc\u00ea pode conferir isso e muito mais!"},{"acf_fc_layout":"article_carousel","anchor_tag":"","select_layout":"slider","select_post_type":"post","number_of_elements":2,"dyn_pop_category":"24","dyn_pop_sports":false,"headline_area":""},{"acf_fc_layout":"content_section_2","anchor_tag":"Aposta","text_area":"<h2>Guia de Apostas para apostadores intermedi\u00e1rios<\/h2>\r\nDepois de um tempo fazendo suas apostas esportivas, \u00e9 bem prov\u00e1vel que voc\u00ea acabe convencido de que precisa dar um salto em seu n\u00edvel de conhecimento, j\u00e1 que n\u00e3o ganha tanto quanto investe. \u00c9 comum, por exemplo, que os jogadores acertem uma grande aposta com odds altas, e depois acabem perdendo mais do que ganharam achando que v\u00e3o acertar outra bolada novamente.\r\n\r\nA verdade \u00e9 que o mundo das apostas esportivas est\u00e1 mais atrelado \u00e0s estat\u00edsticas e \u00e0 ci\u00eancia de dados do que muitos jogadores compreendem. Ent\u00e3o, se um palpite est\u00e1 com odds altas numa casa de apostas, \u00e9 porque realmente \u00e9 muito dif\u00edcil que aquilo se concretize, estatisticamente falando.\r\n\r\nO que fazer ent\u00e3o? Simples, mas n\u00e3o f\u00e1cil: dominar as estat\u00edsticas e os dados de forma mais efetiva e inteligente que os pr\u00f3prios sites de apostas. Utilizando o que eles n\u00e3o t\u00eam: o fator humano \u00fanico da sua consci\u00eancia e individualidade.\r\n\r\nMas n\u00e3o s\u00f3 isso: tamb\u00e9m usando o que n\u00f3s do Betman.net temos para te oferecer, superpoderes em rela\u00e7\u00e3o aos progn\u00f3sticos e previs\u00f5es, com pontos de vista diferenciados e \u00fanicos em rela\u00e7\u00e3o aos que estamos acostumados a ver por a\u00ed na ind\u00fastria de apostas."},{"acf_fc_layout":"licenses_and_regulation_section","anchor_tag":"Dicas","choose_layout":"three-column","headline_text":"<h2>Dicas<\/h2>\r\nA\u00ed v\u00e3o algumas dicas de apostas para usu\u00e1rios intermedi\u00e1rios:","licenses":[{"headline":"Aposte como um profissional","logo":3446,"text_area":"Isso significa ter disciplina e coer\u00eancia ao realizar seus palpites. Um bom m\u00e9todo para come\u00e7ar \u00e9 sistematizar suas apostas esportivas, planejando quando e como ir\u00e1 apostar e analisando seus resultados criticamente."},{"headline":"Aventure-se em modos de apostas como apostas m\u00faltiplas","logo":3729,"text_area":"Falaremos mais deles na parte de apostas para profissionais, mas nada impede voc\u00ea de come\u00e7ar a descobrir o que este ramo tem a oferecer."},{"headline":"Foque em casas de apostas esportivas com as melhores odds","logo":3549,"text_area":"Voc\u00ea pode ter contas em quantos sites de apostas voc\u00ea quiser, ent\u00e3o uma boa estrat\u00e9gia seria diversificar suas apostas em sites diferentes."}],"text_area":""},{"acf_fc_layout":"content_section_2","anchor_tag":"Aposta Profissional","text_area":"<h2>Guia de Apostas para apostadores profissionais<\/h2>\r\nEngana-se quem pensa que os principais fatores para se tornar um apostador profissional estejam relacionados a conhecimentos matem\u00e1ticos e espec\u00edficos deste universo. \u00c9 claro que isso \u00e9 important\u00edssimo, mas n\u00e3o \u00e9 o essencial e muito menos o ponto de partida para o profissionalismo.\r\n\r\nComo qualquer atividade profissional, as apostas esportivas requerem muitas habilidades relacionadas ao comportamento humano em geral, como a disciplina, o equil\u00edbrio emocional, e outros fatores que s\u00e3o decisivos na hora de voc\u00ea conseguir, de fato, alavancar seu conhecimento sobre o assunto."},{"acf_fc_layout":"licenses_and_regulation_section","anchor_tag":"Dicas para Profissionais","choose_layout":"three-column","headline_text":"<h2>Dicas para Profissionais<\/h2>\r\nTendo isso em conta, as principais dicas que damos para que voc\u00ea possa se tornar um apostador profissional s\u00e3o:","licenses":[{"headline":"Disciplina \u00e9 a chave","logo":3868,"text_area":"Muitas vezes a disciplina \u00e9 tomada como um clich\u00ea e n\u00e3o pensamos muito sobre o que isso significa. No entanto, se voc\u00ea deseja se tornar um profissional, dever\u00e1 estudar as odds, estudar seu jogo e exercitar sua mente o tempo todo, mesmo que n\u00e3o esteja a fim naquele momento."},{"headline":"Controle emocional e dist\u00e2ncia dos palpites","logo":3866,"text_area":"Se voc\u00ea quer fazer apostas no seu time de cora\u00e7\u00e3o, entenda uma coisa: voc\u00ea \u00e9 um jogador recreativo.\u00a0Para jogadores profissionais, a isen\u00e7\u00e3o do desejo de qual ser\u00e1 o resultado da partida \u00e9 uma premissa essencial."},{"headline":"Metodologia \u00e9 a fechadura","logo":3864,"text_area":"Se a disciplina \u00e9 a chave, a metodologia \u00e9 a fechadura desse mecanismo complexo das apostas esportivas. Portanto, defina uma periodicidade de suas apostas, quando e como voc\u00ea vai decidir seus palpites, quais mercados voc\u00ea vai desbravar, como vai analisar seus resultados, etc."}],"text_area":""},{"acf_fc_layout":"content_section_2","anchor_tag":"Conclus\u00e3o","text_area":"Existem diversas metodologias de apostas na internet, mas voc\u00ea pode adapt\u00e1-las para desenvolver a sua pr\u00f3pria metodologia, que melhor funcione para o seu caso.\r\n<h2>Conclus\u00e3o<\/h2>\r\nResumindo em uma frase o que vimos at\u00e9 agora: as apostas esportivas formam um universo t\u00e3o complexo e intrigante quanto qualquer campo do conhecimento humano, e o mais importante para se tornar um profissional nas apostas esportivas \u00e9 ler, estudar e conhecer do assunto o m\u00e1ximo poss\u00edvel.\r\n\r\nPensando nisso, n\u00f3s do <a href=\"https:\/\/betman.net\/br\/\">Betman.net<\/a> temos como principal miss\u00e3o dotar voc\u00ea do maior superpoder poss\u00edvel para se dar bem nas apostas que fizer: o conhecimento e o dom\u00ednio completo sobre este universo."},{"acf_fc_layout":"dropdown_component","anchor_tag":"Perguntas Frequentes","headline_text":"<h2>Perguntas Frequentes<\/h2>","dropdown":[{"headline":"Como fa\u00e7o para realizar apostas esportivas?","text_area":"\u00c9 bastante f\u00e1cil, tudo o que voc\u00ea precisa ter \u00e9 um dispositivo que acessa a internet e uma forma de realizar um pagamento online. Ent\u00e3o, voc\u00ea se cadastra em um site de apostas e escolhe seus palpites."},{"headline":"Como escolho um bom site de apostas?","text_area":"A melhor forma de escolher um bom site de apostas \u00e9 seguir as recomenda\u00e7\u00f5es de sites confi\u00e1veis como n\u00f3s, da Betman.net."},{"headline":"O que s\u00e3o as odds?","text_area":"As odds s\u00e3o um valor que representa a probabilidade de que aquele palpite ocorra, e t\u00eam rela\u00e7\u00e3o direta com o pr\u00eamio que o palpite vencedor ir\u00e1 receber."},{"headline":"\u00c9 verdade que os sites de apostas t\u00eam b\u00f4nus e promo\u00e7\u00f5es?","text_area":"Sim, a maioria deles oferece b\u00f4nus e promo\u00e7\u00f5es para apostas esportivas."},{"headline":"Quais m\u00e9todos de pagamento aceitos pelos sites de apostas?","text_area":"Todos os tipos de m\u00e9todos que voc\u00ea imaginar, desde Pix, at\u00e9 cart\u00e3o de cr\u00e9dito e carteiras virtuais. O que n\u00e3o falta s\u00e3o op\u00e7\u00f5es de cassino com diferentes m\u00e9todos."},{"headline":"Quais esportes est\u00e3o dispon\u00edveis para apostar?","text_area":"Futebol, v\u00f4lei, t\u00eanis, e-sports, automobilismo, lutas, entre v\u00e1rios outros. Basicamente, qualquer esporte profissional pode ser encontrado em sites de apostas, inclusive algumas inusitadas das quais voc\u00ea nunca ouviu falar."}],"text_area":""}]},"_links":{"self":[{"href":"https:\/\/betman.net\/br\/wp-json\/wp\/v2\/pages\/3656"}],"collection":[{"href":"https:\/\/betman.net\/br\/wp-json\/wp\/v2\/pages"}],"about":[{"href":"https:\/\/betman.net\/br\/wp-json\/wp\/v2\/types\/page"}],"author":[{"embeddable":true,"href":"https:\/\/betman.net\/br\/wp-json\/wp\/v2\/users\/21"}],"replies":[{"embeddable":true,"href":"https:\/\/betman.net\/br\/wp-json\/wp\/v2\/comments?post=3656"}],"version-history":[{"count":24,"href":"https:\/\/betman.net\/br\/wp-json\/wp\/v2\/pages\/3656\/revisions"}],"predecessor-version":[{"id":5581,"href":"https:\/\/betman.net\/br\/wp-json\/wp\/v2\/pages\/3656\/revisions\/5581"}],"wp:featuredmedia":[{"embeddable":true,"href":"https:\/\/betman.net\/br\/wp-json\/wp\/v2\/media\/3062"}],"wp:attachment":[{"href":"https:\/\/betman.net\/br\/wp-json\/wp\/v2\/media?parent=3656"}],"curies":[{"name":"wp","href":"https:\/\/api.w.org\/{rel}","templated":true}]}}