{"id":3510,"date":"2022-10-21T13:47:40","date_gmt":"2022-10-21T13:47:40","guid":{"rendered":"https:\/\/betman.net\/?page_id=3510"},"modified":"2023-09-15T12:44:59","modified_gmt":"2023-09-15T12:44:59","slug":"bonus","status":"publish","type":"page","link":"https:\/\/betman.net\/br\/bonus\/","title":{"rendered":"Casas de Apostas com B\u00f4nus no Brasil"},"content":{"rendered":"<p>Hoje em dia, as casas de apostas esportivas est\u00e3o repletas de oportunidades para os jogadores levarem as coisas para o pr\u00f3ximo n\u00edvel e acertarem um gola\u00e7o! Aqui, n\u00f3s sabemos que toda hist\u00f3ria tem um her\u00f3i, e queremos que voc\u00ea seja o her\u00f3i da sua pr\u00f3pria jornada.<\/p>\n<p>Por isso, separamos algumas dicas imperd\u00edveis sobre ofertas e promo\u00e7\u00f5es esportivas para que voc\u00ea inicie a trajet\u00f3ria com o p\u00e9 direito. Pronto para conferir? Venha saber tudo sobre o assunto com o seu maior aliado: <a href=\"https:\/\/betman.net\/br\/\">o BetMan.Net<\/a>!<\/p>\n","protected":false},"excerpt":{"rendered":"<p>Hoje em dia, as casas de apostas esportivas est\u00e3o repletas de oportunidades para os jogadores levarem as coisas para o pr\u00f3ximo n\u00edvel e acertarem um gola\u00e7o! Aqui, n\u00f3s sabemos que toda hist\u00f3ria tem um her\u00f3i, e queremos que voc\u00ea seja o her\u00f3i da sua pr\u00f3pria jornada. Por isso, separamos algumas dicas imperd\u00edveis sobre ofertas e [&hellip;]<\/p>\n","protected":false},"author":20,"featured_media":3062,"parent":0,"menu_order":0,"comment_status":"closed","ping_status":"closed","template":"","meta":{"footnotes":""},"class_list":["post-3510","page","type-page","status-publish","has-post-thumbnail","hentry"],"acf":{"header_component":{"headline":"","subheadline":"","background_image":null,"text_area":""},"main_content":[{"acf_fc_layout":"top_list_table","anchor_tag":"","dyn_pop_test":"homepage","dyn_pop_oneliners_sports":"oneliner","choose_layout":"horizontal","top_list_count":10,"headline_text":"<h2>Lista de Casas de Apostas com as Melhores Ofertas de B\u00f4nus<\/h2>","anable_background":"no","anable_logos":"yes"},{"acf_fc_layout":"content_section_3","anchor_tag":"O que s\u00e3o as ofertas nas Casas de Apostas Esportivas","choose_bg":"dark","headline":"","headline_text":"<h2>O que s\u00e3o as ofertas nas Casas de Apostas Esportivas<\/h2>\r\nAs ofertas nas <a href=\"https:\/\/betman.net\/br\/melhores-casas-de-apostas-esportivas\/\">casas de apostas<\/a> s\u00e3o uma maneira de presentear os jogadores, tanto para atrair novos clientes para a casa de apostas quanto para manter vivo o interesse de jogadores frequentes. N\u00e3o \u00e9 surpresa nenhuma que elas sejam t\u00e3o populares!\r\n\r\nTodos os dias, novas casas de apostas surgem para trazer alegria aos f\u00e3s de esportes. Para se destacar em um mercado t\u00e3o competitivo, elas usam as ofertas! E sabe quem tamb\u00e9m se beneficia? Os jogadores! Afinal, ofertas s\u00e3o excelentes para os dois lados, tanto para os apostadores quanto para os sites de apostas.\r\n\r\n<hr \/>\r\n\r\nCom as promo\u00e7\u00f5es e ofertas especiais, os jogadores podem explorar novas possibilidades \u2013 e se voc\u00ea souber us\u00e1-las corretamente, \u00e9 poss\u00edvel ganhar uma fortuna! Mas para isso, uma estrat\u00e9gia bem bolada \u00e9 necess\u00e1ria. E \u00e9 a\u00ed que n\u00f3s entramos. N\u00f3s oferecemos todas as informa\u00e7\u00f5es que os jogadores precisam para aumentar o seu potencial de ganho. Tudo \u00e9 listadinho tintim por tintim aqui no BetMan.Net!\r\n\r\nDiante da variedade de op\u00e7\u00f5es de b\u00f4nus e promo\u00e7\u00f5es, muitos jogadores encontram dificuldade em escolher a oferta ideal. Para te ajudar na sua jornada de her\u00f3i, te contaremos mais sobre cada tipo de promo\u00e7\u00e3o a seguir.\r\n<h3><a href=\"https:\/\/betman.net\/br\/analises-de-casas-de-apostas\/betfair\/\">Olha esse SUPER B\u00d4NUS da Betfair:<\/a><\/h3>\r\n<img class=\"aligncenter wp-image-3514 size-full\" src=\"https:\/\/betman.net\/wp-content\/uploads\/2022\/10\/Bonus-e-Ofertas-Betfair-1-e1665056753890.jpg\" alt=\"B\u00f4nus e Ofertas Betfair\" width=\"792\" height=\"507\" \/>","text_area":"","text_area_2":""},{"acf_fc_layout":"article_carousel","anchor_tag":"Tipos de Ofertas e Promo\u00e7\u00f5es oferecidas","select_layout":"slider","select_post_type":"casino-bonuses","number_of_elements":4,"dyn_pop_category":false,"dyn_pop_sports":false,"headline_area":"<h2>Tipos de Ofertas e Promo\u00e7\u00f5es oferecidas<\/h2>\r\nAlguns anos atr\u00e1s, os entusiastas por apostas esportivas jamais imaginariam quantos avan\u00e7os surgiriam no mundo das apostas online. Antes, voc\u00ea s\u00f3 conseguia lucrar se apostasse e ganhasse. Hoje em dia, \u00e9 poss\u00edvel come\u00e7ar a ganhar antes mesmo de fazer a primeira aposta, dependendo do tipo de oferta que voc\u00ea escolher. Doido, n\u00e9? Mas \u00e9 a pura realidade!\r\n\r\nAtualmente, existem v\u00e1rios tipos de promo\u00e7\u00f5es diferentes na maioria das casas de apostas no Brasil e no mundo. Cada promo\u00e7\u00e3o traz vantagens \u00fanicas. Portanto, \u00e9 importante saber escolher a oferta certa para voc\u00ea.\r\n\r\nSeparamos quais s\u00e3o os tipos de ofertas e promo\u00e7\u00f5es mais populares em sites de apostas do mundo inteiro. Confira!"},{"acf_fc_layout":"steps_module","anchor_tag":"Passo a passo","headline_text":"Vale ressaltar que as promo\u00e7\u00f5es em casas de apostas possuem um conjunto de regras, termos e passos a cumprir para aproveit\u00e1-las. Esses requisitos variam bastante de acordo com a casa de apostas e com o tipo de b\u00f4nus escolhido. Por isso, nunca deixe de ler os termos e condi\u00e7\u00f5es das ofertas que chamarem a sua aten\u00e7\u00e3o.\r\n\r\nSabemos que apostar online em esportes envolve muita emo\u00e7\u00e3o e sangue quente, mas os melhores jogadores s\u00e3o aqueles que sabem quando avaliar suas op\u00e7\u00f5es com cuidado. Tirar um tempinho para ler as regras pode parecer tedioso, mas o resultado vale a pena, pode apostar!\r\n<h2>Passo a passo para garantir a sua melhor oferta esportiva<\/h2>\r\nAgora, chegamos \u00e0 parte que todo jogador ama, a hora de finalmente colocar as m\u00e3os no pote de ouro e come\u00e7ar a aproveitar as melhores ofertas em casas de apostas. Bem, estamos aqui para te ajudar a sentir aquela adrenalina \u00fanica que s\u00f3 os jogos trazem! Para conseguir as promo\u00e7\u00f5es mais incr\u00edveis do momento, siga o nosso passo a passo:","step":[{"text_area":"<span style=\"color: #000000;\"><strong>Acesse o site da casa de apostas;<\/strong><\/span>"},{"text_area":"<span style=\"color: #000000;\"><strong>Crie uma conta (veja se n\u00e3o \u00e9 preciso inserir algum c\u00f3digo promocional, claro);<\/strong><\/span>"},{"text_area":"<span style=\"color: #000000;\"><strong>V\u00e1 at\u00e9 a aba de promo\u00e7\u00f5es;<\/strong><\/span>"},{"text_area":"<span style=\"color: #000000;\"><strong>Analise as ofertas do momento;<\/strong><\/span>"},{"text_area":"<span style=\"color: #000000;\"><strong>Escolha a promo\u00e7\u00e3o que mais te agrada;<\/strong><\/span>"},{"text_area":"<span style=\"color: #000000;\"><strong>Leia os termos e condi\u00e7\u00f5es;<\/strong><\/span>"},{"text_area":"<span style=\"color: #000000;\"><strong>Fa\u00e7a o seu primeiro dep\u00f3sito e comece a apostar.<\/strong><\/span>"}],"text_area":""},{"acf_fc_layout":"content_section_2","anchor_tag":"Requisitos para obter as promo\u00e7\u00f5es e ofertas","text_area":"<blockquote><strong>Dica do Betman.net:<\/strong> Vale lembrar que o processo pode ser um pouco diferente dependendo da casa de apostas que voc\u00ea escolher. Al\u00e9m disso, \u00e9 essencial comparar as ofertas, os mercados e as odds de v\u00e1rios sites antes de aceitar uma oferta. Desta forma, voc\u00ea garante a promo\u00e7\u00e3o mais vantajosa. N\u00e3o se esque\u00e7a tamb\u00e9m de sempre conferir as nossas dicas, j\u00e1 que assim voc\u00ea estar\u00e1 dotado de superpoderes para apostar como nunca!<\/blockquote>\r\n<h2>Requisitos para obter as promo\u00e7\u00f5es e ofertas<\/h2>\r\nUm dos aspectos mais importantes das ofertas e promo\u00e7\u00f5es de casas de apostas esportivas s\u00e3o os requisitos. Sabemos o qu\u00e3o incr\u00edvel seria receber tantos presentes sensacionais sem ter que fazer nada em troca, mas n\u00e3o \u00e9 assim que as coisas funcionam. Ao menos, n\u00e3o na maioria das vezes, certo?\r\n\r\nPois, geralmente, os b\u00f4nus de aposta possuem um conjunto de regras que precisam ser cumpridas para que o jogador possa sacar todos os fant\u00e1sticos lucros que conseguiu com o valor recebido. As regras geralmente determinam o prazo de validade da oferta, quantas vezes o valor do b\u00f4nus precisa ser apostado e quem \u00e9 eleg\u00edvel para receb\u00ea-lo.\r\n\r\nMas onde encontrar essas regras? Bem, todo site de apostas precisa exibir os termos e condi\u00e7\u00f5es das suas ofertas de maneira clara e concisa. Desta maneira, os jogadores podem ter uma experi\u00eancia mais justa, agrad\u00e1vel e informada. Se a sua casa n\u00e3o fizer isso, pule fora porque \u00e9 cilada!"},{"acf_fc_layout":"banner_custom","anchor_tag":"","banner_background":5533,"banner_text":"Melhores ofertas de b\u00f4nus e outras promo\u00e7\u00f5es nas Casas de Apostas Esportivas do Brasil"},{"acf_fc_layout":"operators_list_table","anchor_tag":"","headline_text":"<h2>Melhores Casas de Apostas que oferecem b\u00f4nus e promo\u00e7\u00f5es<\/h2>\r\nEscolher a casa de apostas perfeita \u00e9 mais dif\u00edcil do que parece. Afinal, n\u00e3o faltam op\u00e7\u00f5es sensacionais com ofertas capazes de fazer qualquer olho brilhar de empolga\u00e7\u00e3o. Contudo, h\u00e1 sempre alguns pontos que voc\u00ea precisa considerar antes de criar uma conta em um site de apostas.\r\n\r\nDentre eles, a seguran\u00e7a, os b\u00f4nus e a qualidade (bem como a variedade) de mercados s\u00e3o os mais importantes. <a href=\"https:\/\/betman.net\/br\/analises-de-casas-de-apostas\/\">Ao fazer as nossas an\u00e1lises<\/a>, sempre avaliamos esses pontos \u2013 \u00e9 por isso que \u00e9 mega v\u00e1lido ficar de olho no BetMan.Net!\r\n\r\nTamb\u00e9m observamos outros aspectos, tais como facilidade de navega\u00e7\u00e3o, design do site, app para dispositivos m\u00f3veis, tipos de apostas dispon\u00edveis e muito mais! E n\u00e3o pense que esquecemos de avaliar as odds! Uma boa casa de apostas vai muito al\u00e9m de apenas suas ofertas. Portanto, todos os m\u00ednimos detalhes s\u00e3o importantes.\r\n\r\nComo nossa miss\u00e3o \u00e9 facilitar a vida dos jogadores e tornar poss\u00edvel que eles se tornem os protagonistas de suas pr\u00f3prias aventuras, trabalhamos duro para trazer as melhores ofertas para voc\u00ea. Por isso, selecionamos um TOP 5 de casas de apostas com ofertas fant\u00e1sticas! Escolha a sua preferida e inicie uma jornada \u00e9pica \u2013 melhor do que em hist\u00f3rias de filmes!\r\n<h3>TOP 5 Melhores Casas de Apostas com B\u00f4nus e Ofertas:<\/h3>","table_body":[{"page_field":4449,"text_field":"100% do seu primeiro dep\u00f3sito em bonus + R$ 20 gr\u00e1tis"},{"page_field":4507,"text_field":"100% do primeiro dep\u00f3sito em at\u00e9 R$200 em b\u00f4nus"},{"page_field":4359,"text_field":"at\u00e9 R$600 ap\u00f3s seu primeiro dep\u00f3sito via PIX"},{"page_field":4421,"text_field":"100% do valor do seu 1\u00ba dep\u00f3sito em at\u00e9 R$120"},{"page_field":4480,"text_field":"at\u00e9 25% de b\u00f4nus em apostas combinadas vencedoras"}]},{"acf_fc_layout":"pros_and_cons","anchor_tag":"Pr\u00f3s e Contras","select_data":"wordpress","headline_text":"<h2>Pr\u00f3s e Contras das ofertas para apostas esportivas<\/h2>\r\nAs apostas esportivas j\u00e1 s\u00e3o um fen\u00f4meno mundial. Elas movimentam bilh\u00f5es de reais todos os anos e cada vez mais jogadores est\u00e3o investindo nessa ind\u00fastria. Existem muitos motivos pelos quais as apostas esportivas v\u00eam ganhando tanta popularidade.\r\n\r\nAl\u00e9m de serem uma das poucas formas de entretenimento com possibilidade de lucro, as apostas esportivas tamb\u00e9m trazem incentivos e ofertas \u00fanicas. Desta forma, os jogadores sempre se sentem motivados a buscar aquele frio na barriga de apostar pela primeira vez. Mas muitos ainda se perguntam se as vantagens das ofertas de casas de apostas superam as desvantagens. Hoje, responderemos essa pergunta!","pros":[{"list_item":"S\u00e3o uma \u00f3tima forma de conhecer novas casas de apostas "},{"list_item":"Oportunidades de odds melhoradas "},{"list_item":"Maior possibilidade de lucro "},{"list_item":"Incentivos para jogadores frequentes "},{"list_item":"Oportunidades de reembolso "}],"cons":[{"list_item":"Possuem requisitos "},{"list_item":"Algumas casas de apostas s\u00f3 t\u00eam ofertas para novos jogadores "}],"text_area":"Como podemos ver, existem muito mais benef\u00edcios de se apostar em casas de apostas com ofertas especiais do que desvantagens. \u00c9 claro que a sua estrat\u00e9gia de apostas tamb\u00e9m influencia bastante os resultados. Mas, no fim, a maior vantagem de apostar com ofertas incr\u00edveis \u00e9 a divers\u00e3o! Afinal, quem n\u00e3o adora sentir o cora\u00e7\u00e3o acelerar com a adrenalina de vencer e acertar um palpite? Por isso, siga com responsabilidade e aproveite ao m\u00e1ximo!"},{"acf_fc_layout":"content_section_3","anchor_tag":"Opini\u00e3o SuperPoderosa do Betman.net","choose_bg":"dark","headline":"","headline_text":"<h2>Opini\u00e3o SuperPoderosa do Betman.net<\/h2>\r\nAs ofertas de casas de apostas representam o futuro das apostas esportivas. Afinal, elas s\u00e3o um reflexo de uma cultura cada vez mais presente onde o jogador \u00e9 sempre a prioridade da casa e \u00e9 tratado como tal. Ao receber uma oferta de uma casa de apostas, aqueles que apostam ali se sentem valorizados, o que os mant\u00e9m interessados.\r\n\r\nPor esse motivo, a tend\u00eancia do mercado \u00e9 que a variedade de promo\u00e7\u00f5es para apostas esportivas aumente ainda mais. E que jogador n\u00e3o gostaria disso, n\u00e3o \u00e9 mesmo? Os tempos nunca foram t\u00e3o favor\u00e1veis para essa forma de entretenimento!\r\n\r\nComo vimos at\u00e9 aqui, existe todo um oceano de ofertas por a\u00ed. Desde b\u00f4nus de boas-vindas at\u00e9 apostas gr\u00e1tis, as promo\u00e7\u00f5es n\u00e3o param de surgir. Para aproveit\u00e1-las, o jogador precisa de sabedoria. Afinal, \u00e9 importante saber escolher as ofertas certas e ter no\u00e7\u00e3o das tend\u00eancias do momento para agir no momento oportuno.\r\n\r\nMas n\u00e3o se preocupe! Voc\u00ea n\u00e3o precisa fazer nada disso sozinho. Nossa miss\u00e3o \u00e9 ajudar os jogadores brasileiros a conquistarem mais vit\u00f3rias rapidamente. Por isso, sempre oferecemos dicas atualizadas sobre as melhores ofertas do mercado. E n\u00e3o \u00e9 s\u00f3 isso. Aqui voc\u00ea tamb\u00e9m encontra dicas sobre as casas de apostas mais vantajosas. Por isso, venha com a gente e se torne o her\u00f3i da sua pr\u00f3pria hist\u00f3ria!","text_area":"","text_area_2":""},{"acf_fc_layout":"dropdown_component","anchor_tag":"D\u00favidas Frequentes","headline_text":"<h2>D\u00favidas Frequentes sobre Promo\u00e7\u00f5es de Casas de Apostas Esportivas<\/h2>","dropdown":[{"headline":"Quais tipos de apostas s\u00e3o eleg\u00edveis para os b\u00f4nus?","text_area":"O tipo de aposta eleg\u00edvel vai depender do tipo de b\u00f4nus que a casa de aposta oferece. Algumas ofertas permitem apostas simples em qualquer evento, outras aceitam apenas apostas m\u00faltiplas. A maioria dos b\u00f4nus tamb\u00e9m possui odds m\u00ednimas. Sendo assim, a melhor maneira de saber qual aposta \u00e9 eleg\u00edvel \u00e9 ler os Termos e Condi\u00e7\u00f5es."},{"headline":"Como escolher as melhores ofertas em casas de apostas? ","text_area":"Escolher as melhores ofertas em casas de apostas n\u00e3o \u00e9 dif\u00edcil, mas exige alguma paci\u00eancia. Afinal, existem muitas op\u00e7\u00f5es por a\u00ed. Ent\u00e3o, para n\u00e3o acabar desperdi\u00e7ando tempo em promo\u00e7\u00f5es que n\u00e3o valem a pena, \u00e9 importante comparar diversas ofertas diferentes e escolher aquela que mais se encaixe nos seus objetivos e possibilidades."},{"headline":"Como conseguir apostas gr\u00e1tis?","text_area":"As apostas gr\u00e1tis, tamb\u00e9m conhecidas como free bets, s\u00e3o muito procuradas pelos jogadores, pois n\u00e3o oferecem nenhum tipo de risco. Nesse caso, a casa de apostas te oferece um valor para jogar e se voc\u00ea perder, n\u00e3o sofre nenhum preju\u00edzo. Algumas casas de apostas oferecem apostas gr\u00e1tis junto com o b\u00f4nus de cadastro. Outras oferecem em dias espec\u00edficos da semana. Para conseguir a sua, fique de olho nas ofertas da casa."},{"headline":"Como abrir uma conta em uma casa de apostas?","text_area":"Abrir uma conta em uma casa de apostas \u00e9 bastante simples. Por\u00e9m, antes de criar a conta, \u00e9 muito importante aprender mais sobre a casa de apostas, descobrir se ela \u00e9 de confian\u00e7a e verificar quais ofertas e promo\u00e7\u00f5es est\u00e3o dispon\u00edveis. Feito isso, voc\u00ea s\u00f3 precisa clicar no bot\u00e3o de registro no site e preencher as informa\u00e7\u00f5es solicitadas."},{"headline":"Qual \u00e9 o esporte com as melhores odds?","text_area":"As odds, tamb\u00e9m conhecidas como probabilidades, variam muito entre casas de apostas. Algumas oferecem odds aumentadas em alguns eventos e esportes e outras possuem ofertas frequentes em alguns esportes. No Brasil, um dos esportes que est\u00e1 sempre em alta e costuma ter bastante op\u00e7\u00f5es de apostas \u00e9 o futebol."},{"headline":"O que s\u00e3o b\u00f4nus de boas-vindas?","text_area":"Os b\u00f4nus de boas-vindas s\u00e3o ofertas das casas de apostas exclusivas para novos jogadores. Eles s\u00e3o oferecidos como um incentivo para atrair mais p\u00fablico e costumam ter valores bastante vantajosos. Por\u00e9m, vale ressaltar que eles possuem requisitos e, normalmente, s\u00e3o proporcionais ao valor do seu primeiro dep\u00f3sito em dinheiro real."},{"headline":"Qual \u00e9 o melhor m\u00e9todo de pagamento para aproveitar as promo\u00e7\u00f5es de casas de apostas?","text_area":"N\u00e3o existe apenas um m\u00e9todo de pagamento ideal para aproveitar as promo\u00e7\u00f5es de casas de apostas. Voc\u00ea pode escolher pagar com cart\u00e3o, carteiras digitais, Pix, boleto, criptomoedas, transfer\u00eancias\u2026 Tudo vai depender dos m\u00e9todos aceitos em cada casa de apostas e de quais s\u00e3o eleg\u00edveis para o b\u00f4nus. Essa informa\u00e7\u00e3o tamb\u00e9m est\u00e1 nos Termos, fique de olho!"},{"headline":"O que \u00e9 rollover de b\u00f4nus? ","text_area":"O rollover \u00e9 basicamente o requisito que o jogador precisa cumprir para liberar o saldo de b\u00f4nus na casa de apostas e poder sacar os lucros. Por causa do rollover, os jogadores n\u00e3o podem sacar o b\u00f4nus imediatamente depois de consegui-lo. Normalmente, o rollover determina uma quantidade de vezes que o jogador precisa apostar o dinheiro recebido."},{"headline":"O que s\u00e3o odds? ","text_area":"As odds, ou cota\u00e7\u00f5es, determinam o valor que o jogador vai receber por uma aposta, caso acerte. Elas tamb\u00e9m mostram quais as probabilidades de acertar um palpite em certo evento ou mercado. Basicamente, elas s\u00e3o as cota\u00e7\u00f5es respons\u00e1veis pelos fatores multiplicativos das apostas em esportes. Todas as apostas possuem odds e elas s\u00e3o cruciais para determinar a estrat\u00e9gia de jogo."},{"headline":"\u00c9 poss\u00edvel apostar com b\u00f4nus pelo celular? ","text_area":"Sim, voc\u00ea pode apostar em diversas casas de apostas pelo celular usando os b\u00f4nus e promo\u00e7\u00f5es. Algumas casas de apostas possuem at\u00e9 mesmo ofertas exclusivas para apostar pelo celular. Muitas delas possuem aplicativos para melhorar ainda mais a sua experi\u00eancia, mas mesmo as que n\u00e3o os t\u00eam costumam ser otimizadas para mobile."}],"text_area":""}]},"_links":{"self":[{"href":"https:\/\/betman.net\/br\/wp-json\/wp\/v2\/pages\/3510"}],"collection":[{"href":"https:\/\/betman.net\/br\/wp-json\/wp\/v2\/pages"}],"about":[{"href":"https:\/\/betman.net\/br\/wp-json\/wp\/v2\/types\/page"}],"author":[{"embeddable":true,"href":"https:\/\/betman.net\/br\/wp-json\/wp\/v2\/users\/20"}],"replies":[{"embeddable":true,"href":"https:\/\/betman.net\/br\/wp-json\/wp\/v2\/comments?post=3510"}],"version-history":[{"count":38,"href":"https:\/\/betman.net\/br\/wp-json\/wp\/v2\/pages\/3510\/revisions"}],"predecessor-version":[{"id":6079,"href":"https:\/\/betman.net\/br\/wp-json\/wp\/v2\/pages\/3510\/revisions\/6079"}],"wp:featuredmedia":[{"embeddable":true,"href":"https:\/\/betman.net\/br\/wp-json\/wp\/v2\/media\/3062"}],"wp:attachment":[{"href":"https:\/\/betman.net\/br\/wp-json\/wp\/v2\/media?parent=3510"}],"curies":[{"name":"wp","href":"https:\/\/api.w.org\/{rel}","templated":true}]}}