{"id":3490,"date":"2022-10-21T13:47:19","date_gmt":"2022-10-21T13:47:19","guid":{"rendered":"https:\/\/betman.net\/?page_id=3490"},"modified":"2023-09-15T12:43:42","modified_gmt":"2023-09-15T12:43:42","slug":"casas-de-apostas","status":"publish","type":"page","link":"https:\/\/betman.net\/br\/casas-de-apostas\/","title":{"rendered":"Melhores Casas de Apostas Online"},"content":{"rendered":"<p>Voc\u00ea sabe que pode confiar em seu super-her\u00f3i de todas as horas para escolher um bom site de apostas, n\u00e9? O Betman.net est\u00e1 sempre aqui para te ajudar a escolher qual o melhor lugar para fazer suas apostas esportivas.<\/p>\n<p>Seja em casa, no caminho pro trabalho apostar \u00e9 sempre uma del\u00edcia com as dicas e sugest\u00f5es do Betman.net, sempre antenado nos principais palpites e casas de apostas para recomendar ao p\u00fablico brasileiro.<\/p>\n<p>Est\u00e1 esperando o que para come\u00e7ar a se sentir com superpoderes em apostas esportivas? Cola junto com o Betman.net e vamos ver o que este mercado nos oferece aqui no Brasil!<\/p>\n","protected":false},"excerpt":{"rendered":"<p>Voc\u00ea sabe que pode confiar em seu super-her\u00f3i de todas as horas para escolher um bom site de apostas, n\u00e9? O Betman.net est\u00e1 sempre aqui para te ajudar a escolher qual o melhor lugar para fazer suas apostas esportivas. Seja em casa, no caminho pro trabalho apostar \u00e9 sempre uma del\u00edcia com as dicas e [&hellip;]<\/p>\n","protected":false},"author":21,"featured_media":3106,"parent":0,"menu_order":0,"comment_status":"closed","ping_status":"closed","template":"","meta":{"footnotes":""},"class_list":["post-3490","page","type-page","status-publish","has-post-thumbnail","hentry"],"acf":{"header_component":{"headline":"","subheadline":"","background_image":null,"text_area":""},"main_content":[{"acf_fc_layout":"top_list_table","anchor_tag":"","dyn_pop_test":"homepage","dyn_pop_oneliners_sports":"oneliner","choose_layout":"vertical","top_list_count":10,"headline_text":"<h2>Lista de Casas de Apostas Verificadas e Confi\u00e1veis<\/h2>","anable_background":"no","anable_logos":"yes"},{"acf_fc_layout":"content_section_3","anchor_tag":"Voc\u00ea pode confiar em nossas an\u00e1lises de Casa de Apostas","choose_bg":"dark","headline":"","headline_text":"<h2>Voc\u00ea pode confiar em nossas an\u00e1lises de Casa de Apostas<\/h2>\r\nSe voc\u00ea est\u00e1 chegando agora neste mercado, saiba que n\u00e3o poderia ter come\u00e7ado por um lugar melhor. O Betman.net te guiar\u00e1 passo a passo para voc\u00ea conseguir compreender de que se trata esta fascinante ind\u00fastria.\r\n\r\n<a href=\"https:\/\/betman.net\/br\/melhores-casas-de-apostas-esportivas\/\">As casas de apostas<\/a> s\u00e3o praticamente uma institui\u00e7\u00e3o em muitos pa\u00edses do mundo, incluindo os Estados Unidos, mas no Brasil este fen\u00f4meno \u00e9 mais recente e sua populariza\u00e7\u00e3o se deu junto com a populariza\u00e7\u00e3o da internet.\r\n\r\n<hr \/>\r\n\r\nComo n\u00e3o existe um \u00f3rg\u00e3o regulamentador de jogo e apostas no Brasil, com a internet os jogadores puderam passar a acessar sites e operadores de fora do pa\u00eds, e ganharam o superpoder de apostar! <strong>Acessando o site de uma casa de apostas, voc\u00ea pode depositar dinheiro, registrar apostas e ganhar uma bolada caso acerte os palpites!<\/strong>","text_area":"","text_area_2":""},{"acf_fc_layout":"licenses_and_regulation_section","anchor_tag":"Como analisamos os sites de apostas","choose_layout":"two-column","headline_text":"<h2>Como analisamos os sites de apostas<\/h2>\r\nMuitos sites por a\u00ed se prop\u00f5em a oferecer dicas de apostas esportivas e an\u00e1lises de operadores, mas nenhum deles \u00e9 dotado de superpoderes como \u00e9 o Betman.net!\r\nNa inten\u00e7\u00e3o de salvar os jogadores do mal das apostas ruins e irracionais, queremos espalhar informa\u00e7\u00e3o de qualidade aos quatro ventos para democratizar ao m\u00e1ximo as apostas esportivas e o lucro com este tipo de jogos.\r\n\r\nComo todo super-her\u00f3i, <a href=\"https:\/\/betman.net\/br\/\">o Betman.net<\/a> tem disposi\u00e7\u00e3o e energia de mil homens, e conta com uma equipe de qualidade e numerosa para pesquisar todas as melhores odds para cada evento que vai analisar ou sugerir um progn\u00f3stico, al\u00e9m de fazer um apanhado geral de diversos pontos de vista sobre cada operador.\r\n\r\nAbaixo, deixamos alguns crit\u00e9rios pelos quais a Betman.net analisa o site e te ajuda na hora de buscar um norte de onde e como para apostar:","licenses":[{"headline":"","logo":5638,"text_area":"<h3>Licen\u00e7a<\/h3>\r\n<p style=\"text-align: left;\">O Betman.net nunca vai deixar voc\u00ea entrar em uma fria, e estamos aqui para salvar voc\u00ea de toda operadora de apostas esportivas que possa ser uma enrascada. Para os nossos super her\u00f3is sua seguran\u00e7a \u00e9 o mais importante. <a href=\"https:\/\/www.mga.org.mt\/\" target=\"_blank\" rel=\"nofollow noopener\">MGA<\/a>, <a href=\"https:\/\/www.curacao-egaming.com\/\" target=\"_blank\" rel=\"nofollow noopener\">Cura\u00e7ao<\/a> s\u00e3o algumas das + importantes.<\/p>"},{"headline":"","logo":5636,"text_area":"<h3>Recursos<\/h3>\r\nOs recursos que mais gostamos e procuramos evidenciar s\u00e3o aqueles que levam, de fato, uma vantagem aos jogadores. As apostas m\u00faltiplas protegidas por exemplo permitem que suas apostas sejam muito mais produtivas e eficientes do que na modalidade normal."},{"headline":"","logo":4902,"text_area":"<h3><a href=\"https:\/\/betman.net\/br\/melhores-casas-de-apostas-esportivas\/\">Sites de Apostas<\/a><\/h3>\r\nN\u00e3o precisa de nenhum superpoder para saber se um site de apostas \u00e9 bonito e fucional, n\u00e3o \u00e9 verdade? Mas nem s\u00f3 de visual vive o jogador brasileiro, tamb\u00e9m \u00e9 importante que o site tenha uma boa quantidade de modalidades e mercados."},{"headline":"","logo":4872,"text_area":"<h3><a href=\"https:\/\/betman.net\/br\/metodos-de-pagamento\/\">M\u00e9todos de pagamento<\/a><\/h3>\r\nNo Betman.net, voc\u00ea ver\u00e1 sites que aceitam diversos tipos de dep\u00f3sitos e saques, desde PIX, carteiras virtuais at\u00e9 criptomoedas."},{"headline":"","logo":4876,"text_area":"<h3><a href=\"https:\/\/betman.net\/br\/ofertas\/\">Ofertas de B\u00f4nus<\/a><\/h3>\r\nSomos incans\u00e1veis tamb\u00e9m na arte de procurar b\u00f4nus e ofertas vantajosas para nossos jogadores. A maioria dos b\u00f4nus requer apenas que voc\u00ea fa\u00e7a um dep\u00f3sito dentro de um valor eleg\u00edvel."},{"headline":"","logo":5634,"text_area":"<h3><a href=\"https:\/\/betman.net\/br\/guias-de-apostas-esportivas\/\">Estrat\u00e9gias<\/a><\/h3>\r\nMuita gente bate muita cabe\u00e7a no mundo das apostas esportivas at\u00e9 conseguir come\u00e7ar a ganhar, de fato, algum dinheiro com os palpites. Nossa ideia \u00e9 encurtar esse caminho, oferecendo sugest\u00f5es e dicas de palpites superpoderosos."}],"text_area":""},{"acf_fc_layout":"operators_list_table","anchor_tag":"TOP 5 Melhores Casas de Apostas Brasileira","headline_text":"<h2>Casas de Apostas pensadas para o p\u00fablico brasileiro ( o que oferecem e como ganhar com isso)<\/h2>\r\nMostramos antes as casas de apostas online mais famosas do mundo, mas o Brasil est\u00e1 come\u00e7ando a receber diversos investidores criando casas de apostas direcionadas especificamente para o nosso mercado.\r\n\r\n<span style=\"font-weight: 400;\">Abaixo, nossa lista das TOP 5 casas de apostas online do Brasil:<\/span>\r\n<h3>TOP 5 Melhores Casas de Apostas Brasileiras<\/h3>","table_body":[{"page_field":4359,"text_field":"At\u00e9 R$600 ap\u00f3s seu primeiro dep\u00f3sito"},{"page_field":4507,"text_field":"100% do primeiro dep\u00f3sito em at\u00e9 R$200 em b\u00f4nus"},{"page_field":4449,"text_field":"100% do seu primeiro dep\u00f3sito em bonus"},{"page_field":4421,"text_field":"100% do valor do seu 1\u00ba dep\u00f3sito em at\u00e9 R$120"},{"page_field":4480,"text_field":"At\u00e9 25% de b\u00f4nus em apostas combinadas vencedoras"}]},{"acf_fc_layout":"steps_module","anchor_tag":"Dicas","headline_text":"<h2>Dicas Para Escolher As Melhores Casas de Apostas<\/h2>\r\nExistem casas de apostas de todos os tipos, tamanhos e estilos. Para jogadores com todos os tipos de demandas e anseios. Por isso mesmo, uma das coisas mais importantes \u00e9 conferir quais se\u00e7\u00f5es e tipos de apostas s\u00e3o concedidas para os jogadores de cada operador.\r\n\r\nAlguns exemplos de \u00e1reas importantes presentes em cassinos online, nas quais voc\u00ea deve ficar de olho, s\u00e3o:","step":[{"text_area":"<h4><span style=\"color: #000000;\"><strong>Apostas ao vivo<\/strong><\/span><\/h4>\r\nA primeira coisa que quase todos os sites de apostas mostram na p\u00e1gina inicial s\u00e3o as apostas ao vivo. Neste tipo de aposta, voc\u00ea pode fazer palpites em jogos que estejam rolando ao vivo, em tempo real. Como \u00e9 de se esperar, as odds v\u00e3o mudando a cada segundo, ent\u00e3o o racioc\u00ednio r\u00e1pido e a tomada de decis\u00f5es s\u00e3o duas caracter\u00edsticas fundamentais."},{"text_area":"<h4><span style=\"color: #000000;\"><strong>Esportes<\/strong><\/span><\/h4>\r\nMencionamos alguns esportes que est\u00e3o entre os mais procurados, mas a verdade \u00e9 que quase a totalidade das casas de apostas online oferecem dezenas de modalidades, muitas delas at\u00e9 pouco conhecidas em nosso pa\u00eds \u2013 como \u00e9 o caso de esportes como dardos ou boliche."},{"text_area":"<h4><span style=\"color: #000000;\"><strong>Esportes Virtuais<\/strong><\/span><\/h4>\r\nOs esportes virtuais nada mais s\u00e3o do que simula\u00e7\u00f5es rodadas em um servidor e transmitidas ao vivo na casa de apostas em quest\u00e3o. Mais ou menos como um jogo de FIFA, por exemplo, o <a href=\"https:\/\/betman.net\/br\/futebol\/\">futebol<\/a> da se\u00e7\u00e3o de esportes virtuais mostra uma simula\u00e7\u00e3o onde voc\u00ea pode fazer apostas em diversos mercados. Existem muitas modalidades, desde corrida de cavalos ou cachorros at\u00e9 cobran\u00e7as de p\u00eanaltis."},{"text_area":"<h4><span style=\"color: #000000;\"><strong>Apostas em Pol\u00edtica<\/strong><\/span><\/h4>\r\nVoc\u00ea n\u00e3o est\u00e1 lendo errado n\u00e3o, \u00e9 isso mesmo! Muitas casas de apostas online contam com uma \u00e1rea de apostas em pol\u00edtica, onde os apostadores podem simplesmente opinar quem acham que vai ganhar a pr\u00f3xima elei\u00e7\u00e3o de diversos pa\u00edses, permitindo que voc\u00ea finalmente ganhe algum dinheiro com a elei\u00e7\u00e3o de um pol\u00edtico do partido A ou partido B."}],"text_area":""},{"acf_fc_layout":"content_section_3","anchor_tag":"Opini\u00e3o SuperPoderosa do Betman.net","choose_bg":"dark","headline":"","headline_text":"<h2>Opini\u00e3o SuperPoderosa do Betman.net<\/h2>\r\nComo voc\u00ea deve perceber, existe todo um universo \u00e0 parte quando falamos de sites de apostas. \u00c9 realmente dif\u00edcil desbravar tudo isso por si s\u00f3, mas o Betman.net est\u00e1 aqui para te ajudar!\r\n\r\nCom nossa ajuda, <strong>voc\u00ea ter\u00e1 acesso \u00e0s melhores an\u00e1lises de casas de apostas do Brasil e do mundo<\/strong>, onde explicaremos todos os pontos importantes a serem analisados antes de optar por um site espec\u00edfico.\r\n\r\nAl\u00e9m disso, \u00e9 claro que nada te impede de criar contas em v\u00e1rios sites de apostas diferentes, e nossa meta \u00e9 justamente dotar os brasileiros dos mesmos superpoderes que n\u00f3s temos com muito conhecimento e sabedoria sobre apostas esportivas.","text_area":"","text_area_2":""},{"acf_fc_layout":"dropdown_component","anchor_tag":"D\u00favidas Frequentes sobre Casas de Apostas Online","headline_text":"<h2>D\u00favidas Frequentes sobre Casas de Apostas Online<\/h2>","dropdown":[{"headline":"Como funcionam as casas de apostas esportivas online?","text_area":"Da mesma forma que existem casas de apostas em lugares presenciais h\u00e1 d\u00e9cadas, hoje em dia estes lugares est\u00e3o na web, e s\u00e3o portais onde os internautas podem registrar apostas em dinheiro real sobre eventos esportivos em tempo real."},{"headline":"Posso confiar nas an\u00e1lises de casas de apostas da Betman.net?","text_area":"Claro que sim! Temos um time de especialistas trabalhando incessantemente em an\u00e1lises fidedignas de portais de apostas esportivas, fornecendo an\u00e1lises confi\u00e1veis e seguras."},{"headline":"\u00c9 permitido utilizar casas de apostas no Brasil?","text_area":"Sim! Por mais que as apostas esportivas n\u00e3o sejam regulamentadas como estabelecimentos f\u00edsicos, as apostas em terreno virtual s\u00e3o 100% legais e n\u00e3o comprometem sua seguran\u00e7a de qualquer forma."},{"headline":"Como fa\u00e7o para come\u00e7ar a jogar em uma casa de apostas?","text_area":"\u00c9 muito simples! O primeiro passo \u00e9 fazer um cadastro com seus dados em um site de apostas que escolher. Depois, voc\u00ea deve fazer um dep\u00f3sito, e em pouco tempo j\u00e1 pode sair apostando!"},{"headline":"Posso utilizar sites de apostas a partir de meu celular ou dispositivo m\u00f3vel?","text_area":"Praticamente todos os sites de apostas s\u00e3o desenvolvidos hoje em dia com tecnologia de acessibilidade m\u00f3vel. Isso porque \u00e9 uma realidade presente o fato de que a grande maioria dos jogadores brasileiros t\u00eam prefer\u00eancia por apostar pelo celular."},{"headline":"As casas de apostas s\u00e3o regulamentadas de que forma?","text_area":"Existem diversas entidades internacionais de regulamenta\u00e7\u00e3o que praticam a inspe\u00e7\u00e3o e o registro dos sites de apostas. Estas entidades emitem licen\u00e7as de funcionamento t\u00eam requisitos de seguran\u00e7a e de criptografia bastante estritos."}],"text_area":""}]},"_links":{"self":[{"href":"https:\/\/betman.net\/br\/wp-json\/wp\/v2\/pages\/3490"}],"collection":[{"href":"https:\/\/betman.net\/br\/wp-json\/wp\/v2\/pages"}],"about":[{"href":"https:\/\/betman.net\/br\/wp-json\/wp\/v2\/types\/page"}],"author":[{"embeddable":true,"href":"https:\/\/betman.net\/br\/wp-json\/wp\/v2\/users\/21"}],"replies":[{"embeddable":true,"href":"https:\/\/betman.net\/br\/wp-json\/wp\/v2\/comments?post=3490"}],"version-history":[{"count":37,"href":"https:\/\/betman.net\/br\/wp-json\/wp\/v2\/pages\/3490\/revisions"}],"predecessor-version":[{"id":6078,"href":"https:\/\/betman.net\/br\/wp-json\/wp\/v2\/pages\/3490\/revisions\/6078"}],"wp:featuredmedia":[{"embeddable":true,"href":"https:\/\/betman.net\/br\/wp-json\/wp\/v2\/media\/3106"}],"wp:attachment":[{"href":"https:\/\/betman.net\/br\/wp-json\/wp\/v2\/media?parent=3490"}],"curies":[{"name":"wp","href":"https:\/\/api.w.org\/{rel}","templated":true}]}}