{"id":3468,"date":"2022-10-21T13:46:06","date_gmt":"2022-10-21T13:46:06","guid":{"rendered":"https:\/\/betman.net\/?page_id=3468"},"modified":"2023-09-15T09:51:35","modified_gmt":"2023-09-15T09:51:35","slug":"odds","status":"publish","type":"page","link":"https:\/\/betman.net\/br\/odds\/","title":{"rendered":"Odds de Apostas Esportivas"},"content":{"rendered":"<p>\u00c0s vezes, at\u00e9 os super her\u00f3is precisam de uma ajudinha. Se voc\u00ea est\u00e1 querendo come\u00e7ar no mundo das apostas online, ent\u00e3o entender mais sobre as odds \u00e9 algo fundamental.<br \/>\nCom grandes poderes, existem grandes responsabilidades. Por isso, ningu\u00e9m melhor do que o Betman.net para elucidar suas d\u00favidas sobre odds de apostas esportivas.Aqui, mostramos o que s\u00e3o odds, como encontrar as melhores odds de apostas esportivas, os diferentes tipos de cota\u00e7\u00f5es e como calcular os ganhos nas apostas online.<\/p>\n","protected":false},"excerpt":{"rendered":"<p>\u00c0s vezes, at\u00e9 os super her\u00f3is precisam de uma ajudinha. Se voc\u00ea est\u00e1 querendo come\u00e7ar no mundo das apostas online, ent\u00e3o entender mais sobre as odds \u00e9 algo fundamental. Com grandes poderes, existem grandes responsabilidades. Por isso, ningu\u00e9m melhor do que o Betman.net para elucidar suas d\u00favidas sobre odds de apostas esportivas.Aqui, mostramos o que [&hellip;]<\/p>\n","protected":false},"author":21,"featured_media":3064,"parent":0,"menu_order":0,"comment_status":"closed","ping_status":"closed","template":"","meta":{"footnotes":""},"class_list":["post-3468","page","type-page","status-publish","has-post-thumbnail","hentry"],"acf":{"header_component":{"headline":"","subheadline":"","background_image":null,"text_area":""},"main_content":[{"acf_fc_layout":"top_list_table","anchor_tag":"Casas de Apostas com as Melhores Odds","dyn_pop_test":"homepage","dyn_pop_oneliners_sports":"oneliner","choose_layout":"horizontal","top_list_count":5,"headline_text":"<h2>Casas de Apostas com as Melhores Odds<\/h2>","anable_background":"no","anable_logos":"yes"},{"acf_fc_layout":"content_section_3","anchor_tag":"","choose_bg":"dark","headline":"","headline_text":"<h2>O que s\u00e3o odds (cotas de apostas esportivas)?<\/h2>\r\nMuitos terr\u00e1queos ainda est\u00e3o tentando desvendar como as odds ou cotas de apostas esportivas funcionam. N\u00e3o que seja necess\u00e1rio ter superpoderes para entend\u00ea-las, mas agora n\u00f3s trazemos uma super explica\u00e7\u00e3o para ficar facinho de saber como elas funcionam.\r\n\r\nAs odds possuem dois significados:\r\n\r\n<strong>A. Probabilidades<\/strong> \u2013 <strong>As chances de algo acontecer. Quanto maiores as probabilidades, menor \u00e9 a expectativa daquilo se tornar realidade.<\/strong>\r\n\r\nPor exemplo, as odds para o Brasil vencer a Copa do Mundo s\u00e3o de 6.00. J\u00e1 as odds para a Tun\u00edsia vencer a Copa s\u00e3o de 501.00. Ou seja, o Brasil \u00e9 muito mais favorito para ganhar o torneio do que os africanos.\r\n\r\n<strong>B. Multiplicador de Pagamento<\/strong> \u2013 <strong>As odds tamb\u00e9m determinam o quanto sua aposta pagar\u00e1. Aqui, a conta \u00e9 simples: Quanto maiores as odds, maior o pagamento em potencial.<\/strong>\r\n\r\nNossos her\u00f3is sempre lembram que o pagamento da sua aposta funciona assim: <strong>Valor apostado x Valor das Odds = Valor do Pagamento<\/strong>\r\n\r\n<img class=\"aligncenter wp-image-5642 size-full\" src=\"https:\/\/betman.net\/wp-content\/uploads\/2022\/11\/Copa-do-Mundo-1.webp\" alt=\"Copa do Mundo\" width=\"1080\" height=\"565\" \/>\r\n\r\nAssim, usando o mesmo exemplo da Copa do Mundo e fazendo uma aposta de R$10, ter\u00edamos o seguinte:\r\n<ul>\r\n \t<li>Para o Brasil ganhar: R$10 x 6.00 = R$60<\/li>\r\n \t<li>Para a Tun\u00edsia vencer: R$10 x 501 = R$5.010<\/li>\r\n<\/ul>\r\n<strong>Dica do BetMan:<\/strong> A regra \u00e9 sempre do risco x benef\u00edcio. Quanto maior o risco (odds maiores), maior pode ser o seu pagamento. Ao mesmo tempo, quanto maior o risco, mais chances voc\u00ea tem de perder.","text_area":"","text_area_2":""},{"acf_fc_layout":"table_component","anchor_tag":"Diferentes Tipos de Odds","headline_text":"<h2>Diferentes Tipos de Odds<\/h2>\r\nVoc\u00ea j\u00e1 sabe... a Liga dos Super Her\u00f3is tem espa\u00e7o para todo mundo. Por isso, o BetMan.net ajuda a explicar as odds nos mais diversos formatos <a href=\"https:\/\/betman.net\/br\/melhores-casas-de-apostas-esportivas\/\">oferecidos pelas casas de apostas online<\/a>.\r\n\r\nN\u00f3s, brasileiros, nos acostumamos com as probabilidades decimais, igualzinho como mostramos acima. Por\u00e9m, a Spider Woman enxerga as mesmas cota\u00e7\u00f5es em formato fracion\u00e1rio, enquanto o Capit\u00e3o Am\u00e9rica usa o formato americano (super criativo, a gente sabe...).\r\n<h3>Brasil para ganhar a Copa do Mundo<\/h3>","table_data":{"acftf":{"v":"1.3.20"},"p":{"o":{"uh":1},"ca":""},"c":[{"p":""},{"p":""},{"p":""}],"h":[{"c":"Odds Decimais"},{"c":"Odds Fracion\u00e1rias"},{"c":"Odds Americanas"}],"b":[[{"c":"6.00"},{"c":"5\/1"},{"c":"+500"}]]},"text_area":"Na sequ\u00eancia, desvendamos esse mist\u00e9rio e explicamos tudo que voc\u00ea precisa saber sobre os diferentes tipos de odds para apostas esportivas.\r\n<h3>Odds Decimais<\/h3>\r\nEssas s\u00e3o as mais comuns no Brasil e as que o Betman.net mais utiliza nos seus <a href=\"https:\/\/betman.net\/br\/guias-de-apostas-esportivas\/\">superguias<\/a>. Com nossa vis\u00e3o apurada, vamos al\u00e9m do n\u00famero com algumas dicas poderosas:\r\n<ul>\r\n \t<li>Uma odd de aposta de 2,0 significa que existem 50% de chances do evento acontecer.<\/li>\r\n \t<li>Se as probabilidades de apostas estiverem abaixo de 2,0, estamos falando de uma aposta favorita.<\/li>\r\n \t<li>Se uma equipe ou um atleta tiver uma cota\u00e7\u00e3o superior a 3,0, ele entra na partida como um azar\u00e3o.<\/li>\r\n<\/ul>\r\n<h3>Odds Fracion\u00e1rias<\/h3>\r\nAs probabilidades fracion\u00e1rias s\u00e3o usadas pelas casas de apostas brit\u00e2nicas para suas ofertas de apostas. Se voc\u00ea gosta de matem\u00e1tica, vai poder usar o seu poder de convers\u00e3o de n\u00fameros decimais para fra\u00e7\u00f5es por aqui.\r\n\r\nA diferen\u00e7a \u00e9 que as odds fracion\u00e1rias s\u00f3 incluem o lucro da sua aposta. Ou seja, o valor apostado n\u00e3o \u00e9 considerado, ao contr\u00e1rio do formato decimal.\r\n\r\nPor isso, sempre que voc\u00ea for converter odds fracion\u00e1rias para decimal, precisar\u00e1 adicionar 1. Isso representa o valor apostado.\r\n<h3>Probabilidades Americanas<\/h3>\r\nO formato de odds americano \u00e9 muito mais complexo. Os parceiros do Capit\u00e3o Am\u00e9rica usam n\u00fameros positivos e negativos, com sinais de + ou -.\r\n\r\nO formato de probabilidades americanas \u00e9 baseado na ideia de que voc\u00ea faz uma aposta de $100 no seu palpite.\r\n\r\nAs probabilidades mostram atrav\u00e9s de + qual o lucro que pode esperar. Se voc\u00ea vir um sinal de menos na frente do n\u00famero, significa que a aposta tem odds menores do que 2.00."},{"acf_fc_layout":"table_component","anchor_tag":"Mais formatos de probabilidades","headline_text":"<h2>Mais formatos de probabilidades<\/h2>\r\nTamb\u00e9m n\u00e3o podemos esquecer das Super Ligas da \u00c1sia. Os formatos de odds asi\u00e1ticos podem vir no tipo de Hong Kong, Mal\u00e1sia ou Indon\u00e9sia.","table_data":{"acftf":{"v":"1.3.20"},"p":{"o":{"uh":1},"ca":""},"c":[{"p":""},{"p":""},{"p":""}],"h":[{"c":"Formato de Hong Kong\n"},{"c":"Formato Malaio\n"},{"c":"Formato Indon\u00e9sio\n"}],"b":[[{"c":"A principal diferen\u00e7a \u00e9 que a cota\u00e7\u00e3o n\u00e3o determina o valor do pagamento, mas o lucro l\u00edquido. Uma probabilidade de apostas de Hong Kong de 0,6 corresponde \u00e0s probabilidades de apostas de 1,6.\n"},{"c":"As probabilidades de apostas esportivas da Mal\u00e1sia s\u00e3o um misto entre a americana e a de Hong Kong.\nO + indica qual seria seu lucro l\u00edquido, enquanto o - mostra quanto voc\u00ea tem que apostar para ganhar um d\u00f3lar. Uma probabilidade Malaia de -0,8 \u00e9 igual \u00e0s probabilidades decimais de 2,25.\n"},{"c":"Tamb\u00e9m existem probabilidades positivas e negativas na Indon\u00e9sia, com a variante positiva tamb\u00e9m correspondendo ao lucro l\u00edquido. \nJ\u00e1 o negativo mostra quantas unidades devem ser apostadas para fazer $100 em ganhos l\u00edquidos. O indicador -2,5 na Indon\u00e9sia significa que h\u00e1 $250 para ser apostado para obter o retorno l\u00edquido desejado. (Convertido para decimais, -2,5 corresponderia exatamente a 1,40).\n"}]]},"text_area":""},{"acf_fc_layout":"article_carousel","anchor_tag":"Como as odds s\u00e3o definidas","select_layout":"slider","select_post_type":"post","number_of_elements":3,"dyn_pop_category":"25","dyn_pop_sports":false,"headline_area":"<h2>Como as odds s\u00e3o definidas<\/h2>\r\nSe os sites de apostas possuem super her\u00f3is, eles com certeza s\u00e3o aqueles fazendo as odds para as milhares de partidas que acontecem diariamente. Veja com este artigo como as odds s\u00e3o definidas e outras curiosidades sobre o uso das probabilidades nas apostas online:"},{"acf_fc_layout":"content_section_3","anchor_tag":"Como encontrar as melhores odds ao apostar online?","choose_bg":"dark","headline":"","headline_text":"<h2>Como encontrar as melhores odds ao apostar online?<\/h2>\r\nA melhor forma de encontrar as melhores odds para apostas online \u00e9 comparando. Por exemplo, <a href=\"https:\/\/betman.net\/br\/analises-de-casas-de-apostas\/\">nossas super an\u00e1lises de casas de apostas<\/a> mostram um indicativo de quanto \u00e9 a margem da casa. Obviamente, quanto menor a margem da casa, maiores ser\u00e3o as odds e o seu pagamento.\r\n\r\n\u00c9 claro que a taxa m\u00e9dia varia de acordo com o esporte, o campeonato e, as vezes, at\u00e9 o mercado de aposta escolhido. Por isso, talvez seja necess\u00e1rio voc\u00ea ter de abrir diferentes casas e comparar manualmente quanto o seu palpite paga em cada site.\r\n\r\nAgora que voc\u00ea j\u00e1 sabe o que s\u00e3o odds, seus formatos e como elas s\u00e3o calculadas, ser\u00e1 tranquilo para encontrar a melhor cota\u00e7\u00e3o para voc\u00ea. Caso contr\u00e1rio, o Betman.net estar\u00e1 esperando voc\u00ea lan\u00e7ar o Bet Sinal a qualquer momento.","text_area":"","text_area_2":""},{"acf_fc_layout":"operators_list_table","anchor_tag":"TOP 5","headline_text":"<h2>TOP 5 Melhores Odds em Casas de Apostas do Brasil<\/h2>","table_body":[{"page_field":4359,"text_field":"at\u00e9 R$600 ap\u00f3s seu primeiro dep\u00f3sito via PIX"},{"page_field":4449,"text_field":"100% do seu primeiro dep\u00f3sito em bonus"},{"page_field":4421,"text_field":"100% do valor do seu 1\u00ba dep\u00f3sito em at\u00e9 R$120"},{"page_field":4480,"text_field":"at\u00e9 25% de b\u00f4nus em apostas combinadas vencedoras"},{"page_field":4507,"text_field":"100% do primeiro dep\u00f3sito em at\u00e9 R$200 em b\u00f4nus"}]},{"acf_fc_layout":"steps_module","anchor_tag":"Como conseguir as melhores odds no futebol?","headline_text":"<h2>Como conseguir as melhores odds no futebol?<\/h2>\r\nEnquanto encontrar as melhores odds de futebol seguem a mesma explica\u00e7\u00e3o mostrada acima, existem algumas super dicas que voc\u00ea pode considerar no processo. \u00c0s vezes, as odds maiores n\u00e3o s\u00e3o tudo, pois o mais importante \u00e9 que seu palpite seja vencedor.\r\n\r\n<img class=\"aligncenter wp-image-5598 size-full\" src=\"https:\/\/betman.net\/wp-content\/uploads\/2022\/10\/Melhores-sites-para-apostar-em-futebol.jpg\" alt=\"Melhores sites para apostar em futebol\" width=\"1168\" height=\"719\" \/>","step":[{"text_area":"<strong>Fa\u00e7a sua Pesquisa<\/strong>\r\n\r\nTal como acontece com todas as coisas na vida, as apostas esportivas no futebol exigem tempo e esfor\u00e7o para serem bem sucedidas regularmente. Embora os jogadores recreativos possam ocasionalmente ter sucesso com suas apostas, \u00e9 a pesquisa e a experi\u00eancia que separam os profissionais dos amadores."},{"text_area":"<strong>Acompanhe seu progresso<\/strong>\r\n\r\nPoucos apostadores fazem anota\u00e7\u00f5es sobre suas apostas, mas se voc\u00ea fizer apostas regularmente com diferentes sites, \u00e9 aconselh\u00e1vel. Com um registro de suas bets, voc\u00ea pode acompanhar vit\u00f3rias e derrotas e ver quais tipos de apostas esportivas de futebol s\u00e3o mais bem-sucedidas.\r\n\r\n<strong>Dica do Betman.net:<\/strong> As contas com casas de apostas online mostrar\u00e3o todas as bets que voc\u00ea jogou. Transferido para uma tabela simples, isso lhe d\u00e1 uma boa vis\u00e3o geral. Se seguir estas dicas, obter\u00e1 as melhores probabilidades nas suas apostas esportivas de futebol."},{"text_area":"<strong>N\u00e3o aposte cegamente nos favoritos<\/strong>\r\n\r\nAt\u00e9 mesmo os super her\u00f3is se deixam levar pelos favoritos f\u00e1ceis. No entanto, sabemos que as casas de apostas sabem que a maioria dos apostadores escolhe o grande favorito.\r\n\r\nMesmo que as chances de ganhar sejam maiores, os ganhos aqui s\u00e3o significativamente menores e muitas vezes n\u00e3o valem a pena."},{"text_area":"<strong>Nunca jogue com probabilidades altas<\/strong>\r\n\r\nVale a pena evitar apostar em odds altas sem pesquisa. Claro, queremos ganhar uns trocados com apostas, mas certas odds s\u00e3o insanas. As probabilidades s\u00e3o altas porque o resultado \u00e9 muito improv\u00e1vel.\r\nPortanto, s\u00f3 faz sentido escolher essas probabilidades e apostar nelas se tiver certeza de que pode ganh\u00e1-las."},{"text_area":"<strong>Considere todos os mercados de apostas dispon\u00edveis<\/strong>\r\n\r\nMuitos gostam de fazer apostas 1x2 ou at\u00e9 mesmo us\u00e1-las como apostas combinadas. Muitas vezes voc\u00ea n\u00e3o pode obter muito nessas \u00e1reas. O segredo est\u00e1 nos mercados de apostas fora do comum.\r\n\r\nAs apostas como ambos marcam s\u00e3o particularmente valiosas em jogos em que se espera muitos gols. Isso pode ser combinado com uma aposta 1x2 e possivelmente tamb\u00e9m com apostas acima\/abaixo."},{"text_area":"<strong>Minimize as perdas<\/strong>\r\n\r\nSim, por mais f\u00e1cil e simples que pare\u00e7a, o principal aqui \u00e9 acompanhar. Aconselhamos que voc\u00ea anote todas as apostas e dicas. Com esta informa\u00e7\u00e3o pode analisar o seu comportamento de apostas e ver quais as apostas s\u00e3o os seus pontos fortes e fracos.\r\n\r\nTamb\u00e9m aconselhamos os novos jogadores a usar uma estrat\u00e9gia de apostas que lide com a banca. O grande super her\u00f3i da vida real \u00e9 aquele que sabe gerenciar melhor suas pr\u00f3prias finan\u00e7as e minimizar as perdas."}],"text_area":""},{"acf_fc_layout":"content_section_3","anchor_tag":"Odds e Apostas","choose_bg":"light","headline":"","headline_text":"<h2>Odds e Apostas<\/h2>\r\nComo falamos no in\u00edcio, as odds s\u00e3o essenciais no c\u00e1lculo das suas apostas esportivas. Por\u00e9m, nossos super her\u00f3is nunca se esquecem de que o valor apostado tamb\u00e9m faz uma grande diferen\u00e7a na sua gest\u00e3o de banca.\r\nAbaixo, mostramos alguns exemplos de como isso pode funcionar. Quem sabe, voc\u00ea n\u00e3o experimenta por si mesmo e descobre uma f\u00f3rmula de sucesso?","text_area":"<h3>Como calcular o valor de uma aposta<\/h3>\r\nAbaixo, mostraremos como entender os ganhos das apostas. Por\u00e9m, quando falamos do valor de uma bet, nossos her\u00f3is poderiam ficar horas e horas teorizando.\r\n\r\nA verdade \u00e9 que o valor de uma aposta \u00e9 determinado pelas chances de aquilo acontecer. As casas de apostas determinam odds com base nisso e voc\u00ea pode fazer o mesmo.\r\n\r\nBasta analisar cada partida e tentar atribuir valores \u00e0s chances. Se o Flamengo joga com o Fluminense, quem seria o favorito? As odds mostram mais ou menos o que voc\u00ea pensa sobre o jogo?\r\n\r\n<img class=\"aligncenter wp-image-3476 size-full\" src=\"https:\/\/betman.net\/wp-content\/uploads\/2022\/10\/Odds-Betway-1.jpg\" alt=\"Odds Betway\" width=\"1080\" height=\"523\" \/>\r\n\r\nSempre que voc\u00ea encontrar uma odd maior do que voc\u00ea acha que deveria ser, talvez valha a pena considerar como op\u00e7\u00e3o de aposta. Assim, \u00e9 como se a casa estivesse lhe ajudando com cota\u00e7\u00f5es maiores do que deveriam ser.\r\n<h3><strong>Como calcular os ganhos das apostas<\/strong><\/h3>\r\nA f\u00f3rmula para calcular o valor dos ganhos de uma aposta \u00e9 a seguinte:\r\n\r\nValor Apostado x Odds = Ganhos em Potencial","text_area_2":"Para ilustrar, vamos mostrar o exemplo de uma partida de futebol entre Flamengo e Fluminense. As odds s\u00e3o as seguintes:\r\n<table>\r\n<tbody>\r\n<tr>\r\n<td>Flamengo para Vencer<\/td>\r\n<td>Empate<\/td>\r\n<td>Fluminense para Vencer<\/td>\r\n<\/tr>\r\n<tr>\r\n<td>1.5<\/td>\r\n<td>2.1<\/td>\r\n<td>2.3<\/td>\r\n<\/tr>\r\n<\/tbody>\r\n<\/table>\r\nSe voc\u00ea fizer uma aposta de R$10 no Flamengo, teremos o seguinte:\r\n\r\nR$10 x 1.50 = R$15\r\n\r\nPortanto, se o Flamengo realmente vencer, voc\u00ea ganharia R$15 de volta. Nesse valor, j\u00e1 est\u00e1 inclu\u00eddo o valor da aposta (R$10), fazendo com que seu lucro seja de R$5.\r\n\r\nAgora, vamos mostrar o mesmo c\u00e1lculo com as odds fracion\u00e1rias:\r\n<table>\r\n<tbody>\r\n<tr>\r\n<td>Flamengo para Vencer<\/td>\r\n<td>Empate<\/td>\r\n<td>Fluminense para Vencer<\/td>\r\n<\/tr>\r\n<tr>\r\n<td>1 \/ 2<\/td>\r\n<td>11\/10<\/td>\r\n<td>13\/10<\/td>\r\n<\/tr>\r\n<\/tbody>\r\n<\/table>\r\nO c\u00e1lculo ent\u00e3o seria:\r\nR$10 x (1\/2) = R$5\r\n\r\nNote que as odds fracion\u00e1rias somente incluem o valor do lucro l\u00edquido. Por isso a diferen\u00e7a de R$15 para R$5.\r\n\r\nN\u00e3o existe um formato correto. O melhor \u00e9 encontrar o que funciona para voc\u00ea."},{"acf_fc_layout":"content_section_3","anchor_tag":"Opini\u00e3o SuperPoderosa do Betman.net","choose_bg":"dark","headline":"","headline_text":"<h2>Opini\u00e3o SuperPoderosa do Betman.net<\/h2>\r\nCom nossas dicas e explica\u00e7\u00f5es sobre as odds, voc\u00ea j\u00e1 est\u00e1 um pouquinho mais perto de se tornar um super her\u00f3is das apostas esportivas.\r\nEsperamos que voc\u00ea tenha entendido melhor como as cota\u00e7\u00f5es funcionam e como os favoritos s\u00e3o escolhidos. Nossos super her\u00f3is tamb\u00e9m mostraram que existe um fundamento b\u00e1sico a ser considerado: Quanto maiores as odds, maior o risco da aposta.\r\n\r\nAs melhores odds s\u00e3o aquelas que podem vencer. Ent\u00e3o, nem sempre adicionar diversos mercados a mais vai ajudar voc\u00ea a se sair melhor com suas bets. Ao mesmo tempo, odds muito baixas podem simplesmente n\u00e3o valer a pena.\r\n<blockquote><strong>A super dica \u00e9 clara<\/strong>: Fa\u00e7a sua pesquisa entre os sites que analisamos aqui no Betman.net e tente encontrar o meio termo entre risco e potencial vencedor. No mais, boa sorte! Lembre-se de levar as apostas na esportiva, porque nenhum super her\u00f3i arrisca mais do que pode perder.<\/blockquote>","text_area":"","text_area_2":""},{"acf_fc_layout":"dropdown_component","anchor_tag":"D\u00favidas frequentes sobre odds de apostas esportivas","headline_text":"<h2>D\u00favidas frequentes sobre odds de apostas esportivas<\/h2>","dropdown":[{"headline":"Quais casas de apostas tem as melhores odds?","text_area":"A verdade \u00e9 que tudo depende. O seu esporte preferido, mercado ou liga podem ser determinantes na hora de encontrar as melhores odds de apostas esportivas. A recomenda\u00e7\u00e3o \u00e9 conferir nossas an\u00e1lises de casas de apostas e depois comparar cada caso espec\u00edfico."},{"headline":"Como escolher a melhor odd para apostar?","text_area":"A melhor odd \u00e9 aquela que n\u00e3o \u00e9 t\u00e3o alta, para n\u00e3o chegar a ser arriscada demais, e nem t\u00e3o baixa para colocar tudo a perder por pouco. O melhor \u00e9 escolher um meio termo entre risco e recompensa, pesquisando por op\u00e7\u00f5es de apostas que voc\u00ea esteja mais seguro de que podem vencer."},{"headline":"Como funcionam as odds de apostas ao vivo?","text_area":"As odds de apostas ao vivo s\u00e3o atualizadas em tempo real, de acordo com o que acontece na partida. Casas de apostas usam sistemas de parceiros, muitos deles assistindo o jogo diretamente do est\u00e1dio. Assim, sempre que algo importante acontecer, as odds refletir\u00e3o essa tend\u00eancia nas apostas esportivas."},{"headline":"Existem diferentes formatos de odds?","text_area":"Sim! Pelo menos 3 tipos de odds s\u00e3o populares: Decimal, Fracion\u00e1rio e Americano. Por\u00e9m, outras regi\u00f5es do mundo utilizam seus pr\u00f3prios sistemas, incluindo Hong Kong e Mal\u00e1sia."},{"headline":"O que significa odds?","text_area":"Odds significam cota\u00e7\u00f5es e probabilidades. Cota\u00e7\u00f5es, pois determinam em parte o valor do pagamento final. Probabilidades, pois indicam o risco e as chances de determinado se tornar realidade."}],"text_area":""}]},"_links":{"self":[{"href":"https:\/\/betman.net\/br\/wp-json\/wp\/v2\/pages\/3468"}],"collection":[{"href":"https:\/\/betman.net\/br\/wp-json\/wp\/v2\/pages"}],"about":[{"href":"https:\/\/betman.net\/br\/wp-json\/wp\/v2\/types\/page"}],"author":[{"embeddable":true,"href":"https:\/\/betman.net\/br\/wp-json\/wp\/v2\/users\/21"}],"replies":[{"embeddable":true,"href":"https:\/\/betman.net\/br\/wp-json\/wp\/v2\/comments?post=3468"}],"version-history":[{"count":36,"href":"https:\/\/betman.net\/br\/wp-json\/wp\/v2\/pages\/3468\/revisions"}],"predecessor-version":[{"id":6074,"href":"https:\/\/betman.net\/br\/wp-json\/wp\/v2\/pages\/3468\/revisions\/6074"}],"wp:featuredmedia":[{"embeddable":true,"href":"https:\/\/betman.net\/br\/wp-json\/wp\/v2\/media\/3064"}],"wp:attachment":[{"href":"https:\/\/betman.net\/br\/wp-json\/wp\/v2\/media?parent=3468"}],"curies":[{"name":"wp","href":"https:\/\/api.w.org\/{rel}","templated":true}]}}