{"id":3422,"date":"2022-10-13T10:21:26","date_gmt":"2022-10-13T10:21:26","guid":{"rendered":"https:\/\/betman.net\/?page_id=3422"},"modified":"2023-09-15T12:48:40","modified_gmt":"2023-09-15T12:48:40","slug":"betman-net-brasil-o-seu-super-guia-de-apostas-online","status":"publish","type":"page","link":"https:\/\/betman.net\/br\/","title":{"rendered":"BetMan.Net | O Seu S\u00faper Guia de Apostas Online"},"content":{"rendered":"<p>Toda hist\u00f3ria tem SEMPRE um her\u00f3i, todo jogo e aposta tamb\u00e9m! Descubra por que o Betman.net \u00e9 o Seu S\u00faper Guia de Apostas Esportivas Online, o que o diferencia de outros sites sem superpoderes por a\u00ed e como voc\u00ea\u00a0 pode se tornar o seu pr\u00f3prio her\u00f3i seguindo os conselhos do Betman.net!<\/p>\n","protected":false},"excerpt":{"rendered":"<p>Toda hist\u00f3ria tem SEMPRE um her\u00f3i, todo jogo e aposta tamb\u00e9m! Descubra por que o Betman.net \u00e9 o Seu S\u00faper Guia de Apostas Esportivas Online, o que o diferencia de outros sites sem superpoderes por a\u00ed e como voc\u00ea\u00a0 pode se tornar o seu pr\u00f3prio her\u00f3i seguindo os conselhos do Betman.net!<\/p>\n","protected":false},"author":21,"featured_media":3104,"parent":0,"menu_order":0,"comment_status":"closed","ping_status":"closed","template":"","meta":{"footnotes":""},"class_list":["post-3422","page","type-page","status-publish","has-post-thumbnail","hentry"],"acf":{"header_component":{"headline":"","subheadline":"","background_image":null,"text_area":""},"main_content":[{"acf_fc_layout":"content_section_3","anchor_tag":"Por que escolher Betman.Net","choose_bg":"dark","headline":"","headline_text":"<h2>Por que escolher Betman.Net<\/h2>\r\nSe dar bem nas apostas esportivas \u00e9 quase como ter um dom e disso o Betman.net sabe bem. Por isso, selecionamos quais categorias devem se destacar para identificar a melhor casa de apostas para brasileiros.\r\n\r\nEm nosso teste de sites de apostas, analisamos todas as ofertas, os servi\u00e7os ao cliente, verificamos todos os m\u00e9todos de pagamento e usamos <strong>nossa vis\u00e3o de raio-x<\/strong> nos termos e condi\u00e7\u00f5es de <a href=\"https:\/\/betman.net\/br\/melhores-casas-de-apostas-esportivas\/\">cada casa de apostas esportivas.<\/a>\r\n\r\nClaro, quando avaliamos uma casa de apostas, evitamos usar o intang\u00edvel. Nossa equipe utiliza o mesmo procedimento com todos os sites de bets.","text_area":"","text_area_2":""},{"acf_fc_layout":"article_carousel","anchor_tag":"Aprenda tudo sobre apostas online","select_layout":"grid","select_post_type":"post","number_of_elements":3,"dyn_pop_category":"24","dyn_pop_sports":false,"headline_area":"<h2>Aprenda tudo sobre apostas online<\/h2>\r\nQueremos que voc\u00ea aproveite ao m\u00e1ximo a sua experi\u00eancia de apostas, por isso criamos recursos \u00fateis que agrupamos em nossos <a href=\"https:\/\/betman.net\/br\/guias-de-apostas-esportivas\/\">Guias de Apostas Esportivas Online<\/a>. Aprenda como come\u00e7ar a apostar online como um her\u00f3i ou veja mais de perto como as probabilidades est\u00e3o funcionando, ou at\u00e9 mesmo verifique sua linguagem de apostas esportivas com nosso gloss\u00e1rio de termos. Com certeza, haver\u00e1 algo para voc\u00ea aprender e melhorar."},{"acf_fc_layout":"top_list_table","anchor_tag":"An\u00e1lise Comparativa","dyn_pop_test":"homepage","dyn_pop_oneliners_sports":"oneliner","choose_layout":"horizontal","top_list_count":10,"headline_text":"<h2>An\u00e1lise Comparativa de Casas de Apostas Esportivas<\/h2>\r\nCom <a href=\"https:\/\/betman.net\/br\/analises-de-casas-de-apostas\/\">nossas an\u00e1lises de casas de apostas<\/a>, nos esfor\u00e7amos para trazer os melhores mercados, probabilidades, c\u00f3digos promocionais e ofertas imperd\u00edveis para voc\u00ea. Sempre contrastamos as informa\u00e7\u00f5es de cada um dos sites esportivos de forma totalmente imparcial para que voc\u00ea possa fazer as suas apostas com total seguran\u00e7a.","anable_background":"no","anable_logos":"yes"},{"acf_fc_layout":"article_carousel","anchor_tag":"Melhores Ofertas","select_layout":"grid","select_post_type":"casino-bonuses","number_of_elements":3,"dyn_pop_category":false,"dyn_pop_sports":false,"headline_area":"<h2>N\u00f3s te ajudamos a encontrar as Melhores Ofertas de B\u00f4nus e Promo\u00e7\u00f5es<\/h2>\r\nAs Casas de Apostas oferecem <a href=\"https:\/\/betman.net\/br\/ofertas\/\">b\u00f4nus e promo\u00e7\u00f5es<\/a> para atrair novos jogadores e reter os clientes atuais. Buscamos as melhores ofertas e condi\u00e7\u00f5es de apostas justas para garantir que voc\u00ea seja o seu pr\u00f3prio her\u00f3i apostando online."},{"acf_fc_layout":"article_carousel","anchor_tag":"Variedade de Esportes","select_layout":"grid","select_post_type":"sports","number_of_elements":6,"dyn_pop_category":false,"dyn_pop_sports":"0","headline_area":"<h2>Analisamos de perto a variedade de esportes nas Casas de Apostas<\/h2>\r\nTodo brasileiro ama futebol, n\u00e9, mas sabemos que muitas vezes \u00e9 a variedade de esportes, cotas e tipos de apostas que faz com que uma casa de apostas esteja entre as melhores. Queremos assistir ao Brasileir\u00e3o, Copa e outras ligas e ainda poder fazer as nossas apostas ao vivo. Sabendo disso, analisamos de perto as op\u00e7\u00f5es de apostas esportivas que cada casa de apostas tem a oferecer."},{"acf_fc_layout":"licenses_and_regulation_section","anchor_tag":"Nosso diferencial","choose_layout":"two-column","headline_text":"<h2>Betman.net - O que nos diferencia de outros sites sem poderes por a\u00ed<\/h2>\r\nAl\u00e9m de tudo que j\u00e1 comentamos acima, ainda quer saber o que faz do Betman.net especial? Ent\u00e3o, confere aqui:","licenses":[{"headline":"","logo":5389,"text_area":"<h3>Vis\u00e3o de Raio X<\/h3>\r\nTemos uma vis\u00e3o de raio X impec\u00e1vel: exploramos informa\u00e7\u00f5es supersecretas para descobrir se, realmente, vale a pena apostar em um site."},{"headline":"","logo":5446,"text_area":"<h3>Nossos her\u00f3is<\/h3>\r\nContamos com her\u00f3is reais: temos uma equipe de especialistas com anos de experi\u00eancia em apostas esportivas que te salvam de furadas nas apostas online."},{"headline":"","logo":5393,"text_area":"<h3>Superdicas<\/h3>\r\nNosso site est\u00e1 repleto de super dicas: n\u00e3o medimos esfor\u00e7os para trazer dicas e novidades que te ajudam a apostar como um her\u00f3i."},{"headline":"","logo":5391,"text_area":"<h3>Bet-Chamado<\/h3>\r\nO atendimento ao cliente (bet-chamado), a seguran\u00e7a e a sua experi\u00eancia s\u00e3o a nossa prioridade. Por isso, s\u00f3 realizamos an\u00e1lises de sites que capricham nesse quesito."}],"text_area":""},{"acf_fc_layout":"content_section_3","anchor_tag":"Foco","choose_bg":"dark","headline":"","headline_text":"<h2>O foco do BetMan.Net est\u00e1 em salvar o seu dia!<\/h2>\r\nUm dos nossos principais objetivos \u00e9 criar oportunidades para jogadores brasileiros. Queremos democratizar o acesso \u00e0 informa\u00e7\u00e3o e abordar em detalhes quest\u00f5es que muitas vezes passam despercebidas em an\u00e1lises de casas de apostas, sempre tendo em vista a transpar\u00eancia e sinceridade.\r\n\r\nVoc\u00eas, nossos super-her\u00f3is no mundo dos jogos, s\u00e3o o motivo pelo qual esse site existe. Para tornar poss\u00edvel encontrar mais entretenimento, mais divers\u00e3o e mais momentos de alegria neste mundo repleto de desafios. Sendo assim, nosso time nunca se cansa de reunir informa\u00e7\u00f5es relevantes sobre casas de apostas onde as possibilidades s\u00e3o infinitas.\r\n\r\n\u00c9 por isso que as nossas an\u00e1lises de casas de apostas existem. Nelas, voc\u00ea vai encontrar tudo o que precisa saber sobre os melhores sites para verdadeiros f\u00e3s de esportes no mundo inteiro. Quer saber sobre os maiores b\u00f4nus do momento? Quer descobrir quais sites tem as melhores odds? Ou encontrar um lugar seguro onde apostas? Bem, tudo isso est\u00e1 nas suas m\u00e3os, bem aqui! Fora os guias de apostas, que te explicam os passos que voc\u00ea levaria anos para descobrir sozinho!\r\n\r\nToda hist\u00f3ria tem sempre um her\u00f3i, todo jogo tamb\u00e9m! S\u00f3 basta voc\u00ea querer, e te guiaremos em uma aventura que voc\u00ea nunca vai esquecer. <strong>Siga nossos os conselhos, fa\u00e7a suas apostas e SEJA SEU PR\u00d3PRIO HER\u00d3I neste jogo!<\/strong>","text_area":"","text_area_2":""},{"acf_fc_layout":"dropdown_component","anchor_tag":"Perguntas Frequentes (FAQs)","headline_text":"<h2>Perguntas Frequentes (FAQs)<\/h2>","dropdown":[{"headline":"Como escolher o melhor site de apostas esportivas?","text_area":"Para escolher o melhor site de apostas esportivas, voc\u00ea precisa ficar por dentro do que \u00e9 avaliado pelos nossos especialistas. \u00c9 essencial que a casa seja segura, renomada e que trate bem o usu\u00e1rio. Sempre avalie pontos como suporte ao cliente, licenciamento e experi\u00eancia \u2013 indo al\u00e9m dos b\u00f4nus para apostar online. Conte com a ajuda do Betman.net para isso!"},{"headline":"Onde eu encontro os melhores b\u00f4nus de apostas esportivas?","text_area":"A internet est\u00e1 cheia de b\u00f4nus para apostas, mas nem todos eles s\u00e3o t\u00e3o ben\u00e9ficos quando os listados aqui no Betman.net. Reunimos os melhores b\u00f4nus de todos os tempos para voc\u00ea ser o her\u00f3i da sua pr\u00f3pria hist\u00f3ria. Confira!"},{"headline":"Posso apostar em esportes no Brasil? \u00c9 legal mesmo?","text_area":"Sim! Hoje, \u00e9 totalmente legal apostar em esportes pela internet. Por isso, fique tranquilo. As apostas esportivas foram aprovadas por lei e seguem em tr\u00e2mite federal para a regulamenta\u00e7\u00e3o local. Certifique-se, apenas, de se inscrever em um site confi\u00e1vel. Listamos os melhores aqui!"},{"headline":"Qual \u00e9 o melhor m\u00e9todo de pagamento para apostas?","text_area":"O melhor m\u00e9todo de pagamento para apostas esportivas depende do seu gosto pessoal. Alguns preferem o Pix por ser instant\u00e2neo e sem taxas. Outros ainda gostam do cart\u00e3o ou de criptomoedas \u2013 e por a\u00ed vai. Sempre verifique os m\u00e9todos dispon\u00edveis no site de apostas antes de se registrar, evitando se decepcionar."},{"headline":"Quais esportes est\u00e3o dispon\u00edveis nas casas de apostas?","text_area":"Embora o futebol seja o mais famoso no Brasil e no mundo, existem dezenas de esportes dispon\u00edveis em casas de apostas. Os mais comuns s\u00e3o: v\u00f4lei, basquete, eSports, t\u00eanis e F1, mas d\u00e1 at\u00e9 para palpitar em confrontos de sinuca, h\u00f3quei no gelo e muito mais. Fique com as dicas do Betman.net e aproveite!"},{"headline":"Como fazer para apostar online?","text_area":"Para apostar online, voc\u00ea deve ser maior de 18 anos e:\r\n1. Escolher um site de apostas confi\u00e1vel;\r\n2. Realizar o registro;\r\n3. Fazer o primeiro dep\u00f3sito;\r\n4. Selecionar o esporte e evento desejado;\r\n5. Configurar as suas apostas, confirmar e aguardar pelo resultado, seguindo os conselhos do Betman.net, claro!"},{"headline":"Posso apostar em jogos ao vivo?","text_area":"Na maioria dos sites de apostas do Brasil, voc\u00ea pode sim! Escolha entre as melhores casas de apostas do ano e aproveite \u2013 elas est\u00e3o listadas aqui no Betman.net!"},{"headline":"Todas as casas de apostas possuem streaming com partidas ao vivo?","text_area":"Nem todas. Por isso \u00e9 importante voc\u00ea pesquisar antes de se registrar em um site. Te ajudamos a fazer a escolha certa com dicas heroicas do Betman.net. Aproveite ao seu favor!"}],"text_area":""}]},"_links":{"self":[{"href":"https:\/\/betman.net\/br\/wp-json\/wp\/v2\/pages\/3422"}],"collection":[{"href":"https:\/\/betman.net\/br\/wp-json\/wp\/v2\/pages"}],"about":[{"href":"https:\/\/betman.net\/br\/wp-json\/wp\/v2\/types\/page"}],"author":[{"embeddable":true,"href":"https:\/\/betman.net\/br\/wp-json\/wp\/v2\/users\/21"}],"replies":[{"embeddable":true,"href":"https:\/\/betman.net\/br\/wp-json\/wp\/v2\/comments?post=3422"}],"version-history":[{"count":86,"href":"https:\/\/betman.net\/br\/wp-json\/wp\/v2\/pages\/3422\/revisions"}],"predecessor-version":[{"id":6080,"href":"https:\/\/betman.net\/br\/wp-json\/wp\/v2\/pages\/3422\/revisions\/6080"}],"wp:featuredmedia":[{"embeddable":true,"href":"https:\/\/betman.net\/br\/wp-json\/wp\/v2\/media\/3104"}],"wp:attachment":[{"href":"https:\/\/betman.net\/br\/wp-json\/wp\/v2\/media?parent=3422"}],"curies":[{"name":"wp","href":"https:\/\/api.w.org\/{rel}","templated":true}]}}